{"id":87,"date":"2025-11-15T16:35:50","date_gmt":"2025-11-15T15:35:50","guid":{"rendered":"http:\/\/dreamlift.com.pl\/?post_type=product&#038;p=87"},"modified":"2025-11-15T16:35:50","modified_gmt":"2025-11-15T15:35:50","slug":"konwerter-rdzy-aktywna-powloka-antykorozyjna","status":"publish","type":"product","link":"http:\/\/dreamlift.com.pl\/index.php\/produkt\/konwerter-rdzy-aktywna-powloka-antykorozyjna\/","title":{"rendered":"Konwerter rdzy aktywna pow\u0142oka antykorozyjna"},"content":{"rendered":"<div class=\"marketingSection AT_PublicationShortTextUSP \">Przyjazny dla \u015brodowiska konwerter rdzy 1L na bazie dyspersji<\/div>\n<div class=\"marketingSection AT_PublicationInstructions\">\n<p><strong>Mo\u017cna pomalowa\u0107 wszelkimi powszechnie dost\u0119pnymi lakierami nawierzchniowymi po up\u0142ywie 3 godzin<\/strong><\/p>\n<p class=\"level1\">Mo\u017ce by\u0107 pokrywana szpachl\u0105<\/p>\n<p class=\"level1\">\u2705Nie szkodzi \u015brodowisku, na bazie dyspersji<\/p>\n<p class=\"level1\">\u2705Niezawodnie zatrzymuje proces korozji i zapewnia zoptymalizowan\u0105 powierzchni\u0119 aplikacji do dodatkowych prac lakierniczych.<\/p>\n<p>\u2705Konwerter rdzy wnika w rdz\u0119, reaguje z ni\u0105 i przekszta\u0142ca tlenek \u017celaza w stabilny, nierozpuszczalny, niebiesko-czarny kompleks metalowo-organiczny.<\/p>\n<div class=\"marketingSection AT_PublicationApplicationArea\"><strong><span class=\"marketingSectionTitle\">Obszar zastosowania:<\/span><\/strong>Zastosowania: budowa pojazd\u00f3w, przyczep kempingowych, statk\u00f3w, konstrukcji metalowych i stalowych, produkcja narz\u0119dzi, most\u00f3w, zbiornik\u00f3w, ruroci\u0105g\u00f3w, kontener\u00f3w, rolnictwo i le\u015bnictwo, gospodarka komunalna, maszyny budowlane itd.<\/p>\n<\/div>\n<div class=\"marketingSection AT_ManualPub marketingSubSection\"><strong><span class=\"marketingSectionTitle\">Instrukcja:<\/span><\/strong>Powierzchnia musi by\u0107 sucha i oczyszczona ze smaru. Usun\u0105\u0107 lu\u017an\u0105 rdz\u0119, farb\u0119 i zanieczyszczenia za pomoc\u0105 drucianej szczotki, skrobaka lub podobnego narz\u0119dzia. Nak\u0142ada\u0107 cienk\u0105, r\u00f3wnomiern\u0105 warstw\u0119 p\u0119dzlem lub wa\u0142kiem. Unika\u0107 zaciek\u00f3w. Po 3-48 godzinach od na\u0142o\u017cenia pomalowa\u0107 farb\u0105 ochronn\u0105 na bazie wody lub rozpuszczalnika. Zachowa\u0107 minimalny czas reakcji wynosz\u0105cy trzy godziny. Zabezpieczy\u0107 powierzchnie, kt\u00f3re nie maj\u0105 by\u0107 poddane obr\u00f3bce.<\/p>\n<table class=\"tech_table mb-5\">\n<tbody>\n<tr>\n<td class=\"tech_col_left\">Zawarto\u015b\u0107<\/td>\n<td class=\"tech_col_left\">1000 ml<\/td>\n<\/tr>\n<tr>\n<td class=\"tech_col_left\">Kolor<\/td>\n<td class=\"tech_col_left\">Kremowo-bia\u0142y<\/td>\n<\/tr>\n<tr>\n<td class=\"tech_col_left\">Przechowywanie od daty produkcji<\/td>\n<td class=\"tech_col_left\">60 Miesi\u0105cy<\/td>\n<\/tr>\n<tr>\n<td class=\"tech_col_left\">Maks. odporno\u015b\u0107 temperaturowa<\/td>\n<td class=\"tech_col_left\">120 \u00b0C<\/td>\n<\/tr>\n<tr>\n<td class=\"tech_col_left\">Nadaj\u0105 si\u0119 do lakierowania po<\/td>\n<td class=\"tech_col_left\">3 h<\/td>\n<\/tr>\n<\/tbody>\n<\/table>\n<\/div>\n<\/div>\n","protected":false},"excerpt":{"rendered":"<p><img decoding=\"async\" class=\"alignnone size-medium wp-image-69\" src=\"http:\/\/dreamlift.com.pl\/wp-content\/uploads\/2025\/11\/Projekt-bez-nazwy-300x75.png\" alt=\"\" width=\"300\" height=\"75\" srcset=\"http:\/\/dreamlift.com.pl\/wp-content\/uploads\/2025\/11\/Projekt-bez-nazwy-300x75.png 300w, http:\/\/dreamlift.com.pl\/wp-content\/uploads\/2025\/11\/Projekt-bez-nazwy-1024x256.png 1024w, http:\/\/dreamlift.com.pl\/wp-content\/uploads\/2025\/11\/Projekt-bez-nazwy-768x192.png 768w, http:\/\/dreamlift.com.pl\/wp-content\/uploads\/2025\/11\/Projekt-bez-nazwy-600x150.png 600w, http:\/\/dreamlift.com.pl\/wp-content\/uploads\/2025\/11\/Projekt-bez-nazwy.png 1200w\" sizes=\"(max-width: 300px) 100vw, 300px\" \/><\/p>\n<p><img decoding=\"async\" class=\"alignnone size-medium wp-image-73\" src=\"http:\/\/dreamlift.com.pl\/wp-content\/uploads\/2025\/11\/kurierzy-cskmed-300x34.jpg\" alt=\"\" width=\"300\" height=\"34\" srcset=\"http:\/\/dreamlift.com.pl\/wp-content\/uploads\/2025\/11\/kurierzy-cskmed-300x34.jpg 300w, http:\/\/dreamlift.com.pl\/wp-content\/uploads\/2025\/11\/kurierzy-cskmed-1024x117.jpg 1024w, http:\/\/dreamlift.com.pl\/wp-content\/uploads\/2025\/11\/kurierzy-cskmed-768x88.jpg 768w, http:\/\/dreamlift.com.pl\/wp-content\/uploads\/2025\/11\/kurierzy-cskmed-1536x176.jpg 1536w, http:\/\/dreamlift.com.pl\/wp-content\/uploads\/2025\/11\/kurierzy-cskmed-2048x235.jpg 2048w, http:\/\/dreamlift.com.pl\/wp-content\/uploads\/2025\/11\/kurierzy-cskmed-1320x151.jpg 1320w, http:\/\/dreamlift.com.pl\/wp-content\/uploads\/2025\/11\/kurierzy-cskmed-600x69.jpg 600w\" sizes=\"(max-width: 300px) 100vw, 300px\" \/><\/p>\n","protected":false},"featured_media":88,"comment_status":"open","ping_status":"closed","template":"","meta":{"_eb_attr":"","ocean_post_layout":"","ocean_both_sidebars_style":"","ocean_both_sidebars_content_width":0,"ocean_both_sidebars_sidebars_width":0,"ocean_sidebar":"0","ocean_second_sidebar":"0","ocean_disable_margins":"enable","ocean_add_body_class":"","ocean_shortcode_before_top_bar":"","ocean_shortcode_after_top_bar":"","ocean_shortcode_before_header":"","ocean_shortcode_after_header":"","ocean_has_shortcode":"","ocean_shortcode_after_title":"","ocean_shortcode_before_footer_widgets":"","ocean_shortcode_after_footer_widgets":"","ocean_shortcode_before_footer_bottom":"","ocean_shortcode_after_footer_bottom":"","ocean_display_top_bar":"default","ocean_display_header":"default","ocean_header_style":"","ocean_center_header_left_menu":"0","ocean_custom_header_template":"0","ocean_custom_logo":0,"ocean_custom_retina_logo":0,"ocean_custom_logo_max_width":0,"ocean_custom_logo_tablet_max_width":0,"ocean_custom_logo_mobile_max_width":0,"ocean_custom_logo_max_height":0,"ocean_custom_logo_tablet_max_height":0,"ocean_custom_logo_mobile_max_height":0,"ocean_header_custom_menu":"0","ocean_menu_typo_font_family":"0","ocean_menu_typo_font_subset":"","ocean_menu_typo_font_size":0,"ocean_menu_typo_font_size_tablet":0,"ocean_menu_typo_font_size_mobile":0,"ocean_menu_typo_font_size_unit":"px","ocean_menu_typo_font_weight":"","ocean_menu_typo_font_weight_tablet":"","ocean_menu_typo_font_weight_mobile":"","ocean_menu_typo_transform":"","ocean_menu_typo_transform_tablet":"","ocean_menu_typo_transform_mobile":"","ocean_menu_typo_line_height":0,"ocean_menu_typo_line_height_tablet":0,"ocean_menu_typo_line_height_mobile":0,"ocean_menu_typo_line_height_unit":"","ocean_menu_typo_spacing":0,"ocean_menu_typo_spacing_tablet":0,"ocean_menu_typo_spacing_mobile":0,"ocean_menu_typo_spacing_unit":"","ocean_menu_link_color":"","ocean_menu_link_color_hover":"","ocean_menu_link_color_active":"","ocean_menu_link_background":"","ocean_menu_link_hover_background":"","ocean_menu_link_active_background":"","ocean_menu_social_links_bg":"","ocean_menu_social_hover_links_bg":"","ocean_menu_social_links_color":"","ocean_menu_social_hover_links_color":"","ocean_disable_title":"default","ocean_disable_heading":"default","ocean_post_title":"","ocean_post_subheading":"","ocean_post_title_style":"","ocean_post_title_background_color":"","ocean_post_title_background":0,"ocean_post_title_bg_image_position":"","ocean_post_title_bg_image_attachment":"","ocean_post_title_bg_image_repeat":"","ocean_post_title_bg_image_size":"","ocean_post_title_height":0,"ocean_post_title_bg_overlay":0.5,"ocean_post_title_bg_overlay_color":"","ocean_disable_breadcrumbs":"default","ocean_breadcrumbs_color":"","ocean_breadcrumbs_separator_color":"","ocean_breadcrumbs_links_color":"","ocean_breadcrumbs_links_hover_color":"","ocean_display_footer_widgets":"default","ocean_display_footer_bottom":"default","ocean_custom_footer_template":"0"},"product_brand":[],"product_cat":[19],"product_tag":[34,35],"class_list":{"0":"post-87","1":"product","2":"type-product","3":"status-publish","4":"has-post-thumbnail","6":"product_cat-chemia-motoryzacyjna-i-warsztatowa","7":"product_tag-antykorozja","8":"product_tag-konwerter-rdzy","10":"entry","11":"has-media","13":"first","14":"instock","15":"shipping-taxable","16":"purchasable","17":"product-type-simple","18":"has-product-nav","19":"col","20":"span_1_of_3","21":"owp-content-center","22":"owp-thumbs-layout-horizontal","23":"owp-btn-normal","24":"owp-tabs-layout-horizontal","25":"has-no-thumbnails"},"jetpack_sharing_enabled":true,"_links":{"self":[{"href":"http:\/\/dreamlift.com.pl\/index.php\/wp-json\/wp\/v2\/product\/87","targetHints":{"allow":["GET"]}}],"collection":[{"href":"http:\/\/dreamlift.com.pl\/index.php\/wp-json\/wp\/v2\/product"}],"about":[{"href":"http:\/\/dreamlift.com.pl\/index.php\/wp-json\/wp\/v2\/types\/product"}],"replies":[{"embeddable":true,"href":"http:\/\/dreamlift.com.pl\/index.php\/wp-json\/wp\/v2\/comments?post=87"}],"wp:featuredmedia":[{"embeddable":true,"href":"http:\/\/dreamlift.com.pl\/index.php\/wp-json\/wp\/v2\/media\/88"}],"wp:attachment":[{"href":"http:\/\/dreamlift.com.pl\/index.php\/wp-json\/wp\/v2\/media?parent=87"}],"wp:term":[{"taxonomy":"product_brand","embeddable":true,"href":"http:\/\/dreamlift.com.pl\/index.php\/wp-json\/wp\/v2\/product_brand?post=87"},{"taxonomy":"product_cat","embeddable":true,"href":"http:\/\/dreamlift.com.pl\/index.php\/wp-json\/wp\/v2\/product_cat?post=87"},{"taxonomy":"product_tag","embeddable":true,"href":"http:\/\/dreamlift.com.pl\/index.php\/wp-json\/wp\/v2\/product_tag?post=87"}],"curies":[{"name":"wp","href":"https:\/\/api.w.org\/{rel}","templated":true}]}}