{"id":85,"date":"2025-11-15T16:21:55","date_gmt":"2025-11-15T15:21:55","guid":{"rendered":"http:\/\/dreamlift.com.pl\/?post_type=product&#038;p=85"},"modified":"2026-02-08T14:20:10","modified_gmt":"2026-02-08T13:20:10","slug":"pianka-cargo-do-czyszczenia-wnetrza-pojazdu","status":"publish","type":"product","link":"http:\/\/dreamlift.com.pl\/index.php\/produkt\/pianka-cargo-do-czyszczenia-wnetrza-pojazdu\/","title":{"rendered":"Pianka CARGO do czyszczenia wn\u0119trza pojazdu"},"content":{"rendered":"<div class=\"marketingSection AT_PublicationShortTextUSP \">\u00a0Pianka CARGO 500 ML WURTH<\/div>\n<div class=\"marketingSection AT_PublicationShortTextUSP \">Specjalna piana czyszcz\u0105ca z dodatkiem antystatycznym do ca\u0142ego wn\u0119trza pojazdu.<\/div>\n<div><\/div>\n<div class=\"marketingSection AT_PublicationInstructions\">\n<p class=\"level1\">&#x2705;<strong>Oczyszcza z nikotyny, brudu i kurzu wszystkie elementy lakierowane i z tworzyw sztucznych, powierzchnie szklane oraz tapicerk\u0119<\/strong><\/p>\n<ul>\n<li class=\"level1\">Czasowo chroni przed kurzem na powierzchni dzi\u0119ki dodatkowi antystatycznemu, co zapewnia d\u0142ugotrwa\u0142e czyszczenie wn\u0119trza pojazdu<\/li>\n<li class=\"level1\">Nie sp\u0142ywa z pionowych powierzchni, tzn. materia\u0142 pozostaje tam, gdzie powinien by\u0107<\/li>\n<li class=\"level1\">Niezawodnie rozpuszcza brud dzi\u0119ki intensywnemu dzia\u0142aniu czyszcz\u0105cemu<\/li>\n<li>Oszcz\u0119dno\u015b\u0107 czasu i materia\u0142u, poniewa\u017c ka\u017cdy obszar wystarczy spryska\u0107 tylko raz<\/li>\n<li class=\"level1\">Zawsze \u015bwie\u017cy, przyjemny zapach wewn\u0105trz pojazdu<\/li>\n<li>Nieprzyjemne zapachy nikotyny s\u0105 eliminowane z wn\u0119trza pojazdu<\/li>\n<\/ul>\n<p>&nbsp;<\/p>\n<p class=\"level1\">&#x2705;<strong>Nie zawiera silikonu<\/strong><\/p>\n<p><strong><span class=\"marketingSectionTitle\">Obszar zastosowania:<\/span><\/strong><\/p>\n<p>Deska rozdzielcza, podsufitka, panele drzwiowe, tapicerka siedze\u0144, oparcia, os\u0142ony przeciws\u0142oneczne, konsola.<\/p>\n<\/div>\n<div><\/div>\n<div><\/div>\n<div class=\"marketingSection AT_PublicationNotice marketingSubSection\"><span class=\"marketingSectionTitle\">Uwaga<\/span><\/div>\n<div class=\"marketingSection AT_PublicationNotice marketingSubSection\">\n<p>Nie rozpyla\u0107 bezpo\u015brednio na wra\u017cliwe powierzchnie. \u015arodek do czyszczenia wn\u0119trza nanie\u015b\u0107 na szmatki i \u015bciereczki czyszcz\u0105ce, a nast\u0119pnie przetrze\u0107 czyszczone powierzchnie. Nie stosowa\u0107 na rozgrzane powierzchnie ani w miejscach nara\u017conych na bezpo\u015brednie dzia\u0142anie promieni s\u0142onecznych. Dla optymalnego spienienia mocno wstrz\u0105sn\u0105\u0107 puszk\u0119 przed u\u017cyciem.<\/p>\n<p>Przed u\u017cyciem nale\u017cy sprawdzi\u0107 materia\u0142y pod k\u0105tem zgodno\u015bci.<\/p>\n<\/div>\n","protected":false},"excerpt":{"rendered":"<p><img decoding=\"async\" class=\"alignnone size-medium wp-image-69\" src=\"http:\/\/dreamlift.com.pl\/wp-content\/uploads\/2025\/11\/Projekt-bez-nazwy-300x75.png\" alt=\"\" width=\"300\" height=\"75\" srcset=\"http:\/\/dreamlift.com.pl\/wp-content\/uploads\/2025\/11\/Projekt-bez-nazwy-300x75.png 300w, http:\/\/dreamlift.com.pl\/wp-content\/uploads\/2025\/11\/Projekt-bez-nazwy-1024x256.png 1024w, http:\/\/dreamlift.com.pl\/wp-content\/uploads\/2025\/11\/Projekt-bez-nazwy-768x192.png 768w, http:\/\/dreamlift.com.pl\/wp-content\/uploads\/2025\/11\/Projekt-bez-nazwy-600x150.png 600w, http:\/\/dreamlift.com.pl\/wp-content\/uploads\/2025\/11\/Projekt-bez-nazwy.png 1200w\" sizes=\"(max-width: 300px) 100vw, 300px\" \/><\/p>\n<p><img decoding=\"async\" class=\"alignnone size-medium wp-image-73\" src=\"http:\/\/dreamlift.com.pl\/wp-content\/uploads\/2025\/11\/kurierzy-cskmed-300x34.jpg\" alt=\"\" width=\"300\" height=\"34\" srcset=\"http:\/\/dreamlift.com.pl\/wp-content\/uploads\/2025\/11\/kurierzy-cskmed-300x34.jpg 300w, http:\/\/dreamlift.com.pl\/wp-content\/uploads\/2025\/11\/kurierzy-cskmed-1024x117.jpg 1024w, http:\/\/dreamlift.com.pl\/wp-content\/uploads\/2025\/11\/kurierzy-cskmed-768x88.jpg 768w, http:\/\/dreamlift.com.pl\/wp-content\/uploads\/2025\/11\/kurierzy-cskmed-1536x176.jpg 1536w, http:\/\/dreamlift.com.pl\/wp-content\/uploads\/2025\/11\/kurierzy-cskmed-2048x235.jpg 2048w, http:\/\/dreamlift.com.pl\/wp-content\/uploads\/2025\/11\/kurierzy-cskmed-1320x151.jpg 1320w, http:\/\/dreamlift.com.pl\/wp-content\/uploads\/2025\/11\/kurierzy-cskmed-600x69.jpg 600w\" sizes=\"(max-width: 300px) 100vw, 300px\" \/><\/p>\n","protected":false},"featured_media":86,"comment_status":"open","ping_status":"closed","template":"","meta":{"_eb_attr":"","ocean_post_layout":"","ocean_both_sidebars_style":"","ocean_both_sidebars_content_width":0,"ocean_both_sidebars_sidebars_width":0,"ocean_sidebar":"0","ocean_second_sidebar":"0","ocean_disable_margins":"enable","ocean_add_body_class":"","ocean_shortcode_before_top_bar":"","ocean_shortcode_after_top_bar":"","ocean_shortcode_before_header":"","ocean_shortcode_after_header":"","ocean_has_shortcode":"","ocean_shortcode_after_title":"","ocean_shortcode_before_footer_widgets":"","ocean_shortcode_after_footer_widgets":"","ocean_shortcode_before_footer_bottom":"","ocean_shortcode_after_footer_bottom":"","ocean_display_top_bar":"default","ocean_display_header":"default","ocean_header_style":"","ocean_center_header_left_menu":"0","ocean_custom_header_template":"0","ocean_custom_logo":0,"ocean_custom_retina_logo":0,"ocean_custom_logo_max_width":0,"ocean_custom_logo_tablet_max_width":0,"ocean_custom_logo_mobile_max_width":0,"ocean_custom_logo_max_height":0,"ocean_custom_logo_tablet_max_height":0,"ocean_custom_logo_mobile_max_height":0,"ocean_header_custom_menu":"0","ocean_menu_typo_font_family":"0","ocean_menu_typo_font_subset":"","ocean_menu_typo_font_size":0,"ocean_menu_typo_font_size_tablet":0,"ocean_menu_typo_font_size_mobile":0,"ocean_menu_typo_font_size_unit":"px","ocean_menu_typo_font_weight":"","ocean_menu_typo_font_weight_tablet":"","ocean_menu_typo_font_weight_mobile":"","ocean_menu_typo_transform":"","ocean_menu_typo_transform_tablet":"","ocean_menu_typo_transform_mobile":"","ocean_menu_typo_line_height":0,"ocean_menu_typo_line_height_tablet":0,"ocean_menu_typo_line_height_mobile":0,"ocean_menu_typo_line_height_unit":"","ocean_menu_typo_spacing":0,"ocean_menu_typo_spacing_tablet":0,"ocean_menu_typo_spacing_mobile":0,"ocean_menu_typo_spacing_unit":"","ocean_menu_link_color":"","ocean_menu_link_color_hover":"","ocean_menu_link_color_active":"","ocean_menu_link_background":"","ocean_menu_link_hover_background":"","ocean_menu_link_active_background":"","ocean_menu_social_links_bg":"","ocean_menu_social_hover_links_bg":"","ocean_menu_social_links_color":"","ocean_menu_social_hover_links_color":"","ocean_disable_title":"default","ocean_disable_heading":"default","ocean_post_title":"","ocean_post_subheading":"","ocean_post_title_style":"","ocean_post_title_background_color":"","ocean_post_title_background":0,"ocean_post_title_bg_image_position":"","ocean_post_title_bg_image_attachment":"","ocean_post_title_bg_image_repeat":"","ocean_post_title_bg_image_size":"","ocean_post_title_height":0,"ocean_post_title_bg_overlay":0.5,"ocean_post_title_bg_overlay_color":"","ocean_disable_breadcrumbs":"default","ocean_breadcrumbs_color":"","ocean_breadcrumbs_separator_color":"","ocean_breadcrumbs_links_color":"","ocean_breadcrumbs_links_hover_color":"","ocean_display_footer_widgets":"default","ocean_display_footer_bottom":"default","ocean_custom_footer_template":"0"},"product_brand":[],"product_cat":[15,43],"product_tag":[32,33],"class_list":{"0":"post-85","1":"product","2":"type-product","3":"status-publish","4":"has-post-thumbnail","6":"product_cat-bez-kategorii","7":"product_cat-kosmetyka-pojazdu","8":"product_tag-pianka-czyszczaca","9":"product_tag-piankacargo","11":"entry","12":"has-media","14":"first","15":"instock","16":"shipping-taxable","17":"purchasable","18":"product-type-simple","19":"has-product-nav","20":"col","21":"span_1_of_3","22":"owp-content-center","23":"owp-thumbs-layout-horizontal","24":"owp-btn-normal","25":"owp-tabs-layout-horizontal"},"jetpack_sharing_enabled":true,"_links":{"self":[{"href":"http:\/\/dreamlift.com.pl\/index.php\/wp-json\/wp\/v2\/product\/85","targetHints":{"allow":["GET"]}}],"collection":[{"href":"http:\/\/dreamlift.com.pl\/index.php\/wp-json\/wp\/v2\/product"}],"about":[{"href":"http:\/\/dreamlift.com.pl\/index.php\/wp-json\/wp\/v2\/types\/product"}],"replies":[{"embeddable":true,"href":"http:\/\/dreamlift.com.pl\/index.php\/wp-json\/wp\/v2\/comments?post=85"}],"wp:featuredmedia":[{"embeddable":true,"href":"http:\/\/dreamlift.com.pl\/index.php\/wp-json\/wp\/v2\/media\/86"}],"wp:attachment":[{"href":"http:\/\/dreamlift.com.pl\/index.php\/wp-json\/wp\/v2\/media?parent=85"}],"wp:term":[{"taxonomy":"product_brand","embeddable":true,"href":"http:\/\/dreamlift.com.pl\/index.php\/wp-json\/wp\/v2\/product_brand?post=85"},{"taxonomy":"product_cat","embeddable":true,"href":"http:\/\/dreamlift.com.pl\/index.php\/wp-json\/wp\/v2\/product_cat?post=85"},{"taxonomy":"product_tag","embeddable":true,"href":"http:\/\/dreamlift.com.pl\/index.php\/wp-json\/wp\/v2\/product_tag?post=85"}],"curies":[{"name":"wp","href":"https:\/\/api.w.org\/{rel}","templated":true}]}}