{"id":78,"date":"2025-11-15T16:01:14","date_gmt":"2025-11-15T15:01:14","guid":{"rendered":"http:\/\/dreamlift.com.pl\/?post_type=product&#038;p=78"},"modified":"2025-11-15T16:01:14","modified_gmt":"2025-11-15T15:01:14","slug":"klej-cyjanoakrylowy-superszybki-klebfix-5g","status":"publish","type":"product","link":"http:\/\/dreamlift.com.pl\/index.php\/produkt\/klej-cyjanoakrylowy-superszybki-klebfix-5g\/","title":{"rendered":"Klej cyjanoakrylowy SUPERSZYBKI KLEBFIX 5G"},"content":{"rendered":"<p><b>Superszybki klej cyjanoakrylowy 5g &#8211; W\u00fcrth Klebfix<\/b>\u00a0to doskona\u0142y wyb\u00f3r dla os\u00f3b poszukuj\u0105cych skutecznych rozwi\u0105za\u0144 w szybkim klejeniu r\u00f3\u017cnych materia\u0142\u00f3w.<\/p>\n<p>\u2705<b>Wysoka jako\u015b\u0107<\/b>\u00a0i\u00a0<b>niezawodno\u015b\u0107<\/b>\u00a0wyr\u00f3\u017cniaj\u0105 ten produkt, czyni\u0105c go idealnym do zastosowa\u0144 przemys\u0142owych i domowych.<\/p>\n<ul>\n<li><b>\u00a0Szybkie klejenie<\/b> \u2013 w kilka sekund \u0142\u0105czy metal, tworzywa sztuczne i cz\u0119\u015bci gumowe.<\/li>\n<li><b>Specjalne przemy\u015blane zamkni\u0119cie<\/b>\u00a0zapobiega zatykaniu ko\u0144c\u00f3wek, zapewniaj\u0105c precyzyjne dozowanie.<\/li>\n<li>Mo\u017cliwo\u015b\u0107\u00a0<b>natychmiastowej dalszej obr\u00f3bki po sklejeniu<\/b>\u00a0\u2013 idealne dla szybkich napraw i prostych konstrukcji bez dodatkowych materia\u0142\u00f3w mocuj\u0105cych.<\/li>\n<li><b>Odporno\u015b\u0107 na starzenie<\/b>\u00a0i dzia\u0142anie czynnik\u00f3w klimatycznych.<\/li>\n<li><b>Bezpiecze\u0144stwo u\u017cytkowania<\/b>\u00a0\u2013 produkt nie zawiera rozpuszczalnik\u00f3w ani silikonu, zarejestrowany zgodnie z norm\u0105 NSF\/ANSI 61 do u\u017cytku z wod\u0105 techniczn\u0105 i pitn\u0105.<\/li>\n<\/ul>\n<p><b>Zastosowanie:<\/b><\/p>\n<ul>\n<li>Idealny do klejenia r\u00f3\u017cnorodnych materia\u0142\u00f3w: metal, tworzywa sztuczne, guma, szk\u0142o, a nawet drewno i powierzchnie malowane.<\/li>\n<li>Zalecenia u\u017cytkowania: u\u017cywaj r\u0119kawic i okular\u00f3w ochronnych. Problemy z utwardzaniem mog\u0105 wyst\u0105pi\u0107 przy zbyt suchych lub kwa\u015bnych powierzchniach.<\/li>\n<li>Unikaj wykwit\u00f3w spowodowanych nadmiarem p\u0142ynnego kleju, stosuj\u0105c oszcz\u0119dnie i zapewniaj\u0105c odpowiedni\u0105 wentylacj\u0119.<\/li>\n<\/ul>\n<p><img fetchpriority=\"high\" decoding=\"async\" class=\"alignnone size-medium wp-image-82\" src=\"http:\/\/dreamlift.com.pl\/wp-content\/uploads\/2025\/11\/kl1-1-300x300.webp\" alt=\"\" width=\"300\" height=\"300\" srcset=\"http:\/\/dreamlift.com.pl\/wp-content\/uploads\/2025\/11\/kl1-1-300x300.webp 300w, http:\/\/dreamlift.com.pl\/wp-content\/uploads\/2025\/11\/kl1-1-150x150.webp 150w, http:\/\/dreamlift.com.pl\/wp-content\/uploads\/2025\/11\/kl1-1-100x100.webp 100w, http:\/\/dreamlift.com.pl\/wp-content\/uploads\/2025\/11\/kl1-1.webp 576w\" sizes=\"(max-width: 300px) 100vw, 300px\" \/> <img decoding=\"async\" class=\"alignnone size-medium wp-image-84\" src=\"http:\/\/dreamlift.com.pl\/wp-content\/uploads\/2025\/11\/kl3-300x300.webp\" alt=\"\" width=\"300\" height=\"300\" srcset=\"http:\/\/dreamlift.com.pl\/wp-content\/uploads\/2025\/11\/kl3-300x300.webp 300w, http:\/\/dreamlift.com.pl\/wp-content\/uploads\/2025\/11\/kl3-150x150.webp 150w, http:\/\/dreamlift.com.pl\/wp-content\/uploads\/2025\/11\/kl3-100x100.webp 100w, http:\/\/dreamlift.com.pl\/wp-content\/uploads\/2025\/11\/kl3.webp 576w\" sizes=\"(max-width: 300px) 100vw, 300px\" \/><\/p>\n<p><b>Parametry techniczne:<\/b><\/p>\n<ul>\n<li>Baza chemiczna:\u00a0<b>Ester etylowy kwasu cyjanoakrylowego<\/b><\/li>\n<li>Kolor:\u00a0<b>Przezroczysty<\/b><\/li>\n<li>G\u0119sto\u015b\u0107:\u00a0<b>1,06 g\/cm\u00b3<\/b><\/li>\n<li>Min.\/maks. lepko\u015b\u0107:\u00a0<b>15-120 mPas<\/b><\/li>\n<li>Wytrzyma\u0142o\u015b\u0107 na \u015bcinanie min.:\u00a0<b>8 N\/mm\u00b2<\/b><\/li>\n<li>Rozci\u0105gliwo\u015b\u0107:\u00a0<b>2 %<\/b><\/li>\n<li>Maks. wielko\u015b\u0107 szczeliny klejowej:\u00a0<b>0,1 mm<\/b><\/li>\n<li>Odporno\u015b\u0107 temperaturowa min.\/maks.:\u00a0<b>-30 do +80 \u00b0C<\/b><\/li>\n<li>Min.\/maks. temperatura aplikacji:\u00a0<b>5 do 35 \u00b0C<\/b><\/li>\n<li><b>Nie zawiera silikonu<\/b><\/li>\n<li><b>Nie zawiera rozpuszczalnik\u00f3w<\/b><\/li>\n<li>Czas przechowywania po wyprodukowaniu\/warunki:\u00a0<b>15 Miesi\u0105ce \/ w temperaturze pokojowej<\/b><\/li>\n<li>Zawarto\u015b\u0107:\u00a0<b>5 g<\/b><\/li>\n<\/ul>\n","protected":false},"excerpt":{"rendered":"<p><img decoding=\"async\" class=\"alignnone size-medium wp-image-69\" src=\"http:\/\/dreamlift.com.pl\/wp-content\/uploads\/2025\/11\/Projekt-bez-nazwy-300x75.png\" alt=\"\" width=\"300\" height=\"75\" srcset=\"http:\/\/dreamlift.com.pl\/wp-content\/uploads\/2025\/11\/Projekt-bez-nazwy-300x75.png 300w, http:\/\/dreamlift.com.pl\/wp-content\/uploads\/2025\/11\/Projekt-bez-nazwy-1024x256.png 1024w, http:\/\/dreamlift.com.pl\/wp-content\/uploads\/2025\/11\/Projekt-bez-nazwy-768x192.png 768w, http:\/\/dreamlift.com.pl\/wp-content\/uploads\/2025\/11\/Projekt-bez-nazwy-600x150.png 600w, http:\/\/dreamlift.com.pl\/wp-content\/uploads\/2025\/11\/Projekt-bez-nazwy.png 1200w\" sizes=\"(max-width: 300px) 100vw, 300px\" \/><\/p>\n<p><img loading=\"lazy\" decoding=\"async\" class=\"alignnone size-medium wp-image-73\" src=\"http:\/\/dreamlift.com.pl\/wp-content\/uploads\/2025\/11\/kurierzy-cskmed-300x34.jpg\" alt=\"\" width=\"300\" height=\"34\" srcset=\"http:\/\/dreamlift.com.pl\/wp-content\/uploads\/2025\/11\/kurierzy-cskmed-300x34.jpg 300w, http:\/\/dreamlift.com.pl\/wp-content\/uploads\/2025\/11\/kurierzy-cskmed-1024x117.jpg 1024w, http:\/\/dreamlift.com.pl\/wp-content\/uploads\/2025\/11\/kurierzy-cskmed-768x88.jpg 768w, http:\/\/dreamlift.com.pl\/wp-content\/uploads\/2025\/11\/kurierzy-cskmed-1536x176.jpg 1536w, http:\/\/dreamlift.com.pl\/wp-content\/uploads\/2025\/11\/kurierzy-cskmed-2048x235.jpg 2048w, http:\/\/dreamlift.com.pl\/wp-content\/uploads\/2025\/11\/kurierzy-cskmed-1320x151.jpg 1320w, http:\/\/dreamlift.com.pl\/wp-content\/uploads\/2025\/11\/kurierzy-cskmed-600x69.jpg 600w\" sizes=\"(max-width: 300px) 100vw, 300px\" \/><\/p>\n","protected":false},"featured_media":79,"comment_status":"open","ping_status":"closed","template":"","meta":{"_eb_attr":"","ocean_post_layout":"","ocean_both_sidebars_style":"","ocean_both_sidebars_content_width":0,"ocean_both_sidebars_sidebars_width":0,"ocean_sidebar":"0","ocean_second_sidebar":"0","ocean_disable_margins":"enable","ocean_add_body_class":"","ocean_shortcode_before_top_bar":"","ocean_shortcode_after_top_bar":"","ocean_shortcode_before_header":"","ocean_shortcode_after_header":"","ocean_has_shortcode":"","ocean_shortcode_after_title":"","ocean_shortcode_before_footer_widgets":"","ocean_shortcode_after_footer_widgets":"","ocean_shortcode_before_footer_bottom":"","ocean_shortcode_after_footer_bottom":"","ocean_display_top_bar":"default","ocean_display_header":"default","ocean_header_style":"","ocean_center_header_left_menu":"0","ocean_custom_header_template":"0","ocean_custom_logo":0,"ocean_custom_retina_logo":0,"ocean_custom_logo_max_width":0,"ocean_custom_logo_tablet_max_width":0,"ocean_custom_logo_mobile_max_width":0,"ocean_custom_logo_max_height":0,"ocean_custom_logo_tablet_max_height":0,"ocean_custom_logo_mobile_max_height":0,"ocean_header_custom_menu":"0","ocean_menu_typo_font_family":"0","ocean_menu_typo_font_subset":"","ocean_menu_typo_font_size":0,"ocean_menu_typo_font_size_tablet":0,"ocean_menu_typo_font_size_mobile":0,"ocean_menu_typo_font_size_unit":"px","ocean_menu_typo_font_weight":"","ocean_menu_typo_font_weight_tablet":"","ocean_menu_typo_font_weight_mobile":"","ocean_menu_typo_transform":"","ocean_menu_typo_transform_tablet":"","ocean_menu_typo_transform_mobile":"","ocean_menu_typo_line_height":0,"ocean_menu_typo_line_height_tablet":0,"ocean_menu_typo_line_height_mobile":0,"ocean_menu_typo_line_height_unit":"","ocean_menu_typo_spacing":0,"ocean_menu_typo_spacing_tablet":0,"ocean_menu_typo_spacing_mobile":0,"ocean_menu_typo_spacing_unit":"","ocean_menu_link_color":"","ocean_menu_link_color_hover":"","ocean_menu_link_color_active":"","ocean_menu_link_background":"","ocean_menu_link_hover_background":"","ocean_menu_link_active_background":"","ocean_menu_social_links_bg":"","ocean_menu_social_hover_links_bg":"","ocean_menu_social_links_color":"","ocean_menu_social_hover_links_color":"","ocean_disable_title":"default","ocean_disable_heading":"default","ocean_post_title":"","ocean_post_subheading":"","ocean_post_title_style":"","ocean_post_title_background_color":"","ocean_post_title_background":0,"ocean_post_title_bg_image_position":"","ocean_post_title_bg_image_attachment":"","ocean_post_title_bg_image_repeat":"","ocean_post_title_bg_image_size":"","ocean_post_title_height":0,"ocean_post_title_bg_overlay":0.5,"ocean_post_title_bg_overlay_color":"","ocean_disable_breadcrumbs":"default","ocean_breadcrumbs_color":"","ocean_breadcrumbs_separator_color":"","ocean_breadcrumbs_links_color":"","ocean_breadcrumbs_links_hover_color":"","ocean_display_footer_widgets":"default","ocean_display_footer_bottom":"default","ocean_custom_footer_template":"0"},"product_brand":[],"product_cat":[19],"product_tag":[30,31],"class_list":{"0":"post-78","1":"product","2":"type-product","3":"status-publish","4":"has-post-thumbnail","6":"product_cat-chemia-motoryzacyjna-i-warsztatowa","7":"product_tag-cyjanoakrylowy","8":"product_tag-superszybki-klej","10":"entry","11":"has-media","13":"first","14":"instock","15":"shipping-taxable","16":"purchasable","17":"product-type-simple","18":"has-product-nav","19":"col","20":"span_1_of_3","21":"owp-content-center","22":"owp-thumbs-layout-horizontal","23":"owp-btn-normal","24":"owp-tabs-layout-horizontal"},"jetpack_sharing_enabled":true,"_links":{"self":[{"href":"http:\/\/dreamlift.com.pl\/index.php\/wp-json\/wp\/v2\/product\/78","targetHints":{"allow":["GET"]}}],"collection":[{"href":"http:\/\/dreamlift.com.pl\/index.php\/wp-json\/wp\/v2\/product"}],"about":[{"href":"http:\/\/dreamlift.com.pl\/index.php\/wp-json\/wp\/v2\/types\/product"}],"replies":[{"embeddable":true,"href":"http:\/\/dreamlift.com.pl\/index.php\/wp-json\/wp\/v2\/comments?post=78"}],"wp:featuredmedia":[{"embeddable":true,"href":"http:\/\/dreamlift.com.pl\/index.php\/wp-json\/wp\/v2\/media\/79"}],"wp:attachment":[{"href":"http:\/\/dreamlift.com.pl\/index.php\/wp-json\/wp\/v2\/media?parent=78"}],"wp:term":[{"taxonomy":"product_brand","embeddable":true,"href":"http:\/\/dreamlift.com.pl\/index.php\/wp-json\/wp\/v2\/product_brand?post=78"},{"taxonomy":"product_cat","embeddable":true,"href":"http:\/\/dreamlift.com.pl\/index.php\/wp-json\/wp\/v2\/product_cat?post=78"},{"taxonomy":"product_tag","embeddable":true,"href":"http:\/\/dreamlift.com.pl\/index.php\/wp-json\/wp\/v2\/product_tag?post=78"}],"curies":[{"name":"wp","href":"https:\/\/api.w.org\/{rel}","templated":true}]}}