{"id":74,"date":"2025-11-15T15:37:23","date_gmt":"2025-11-15T14:37:23","guid":{"rendered":"http:\/\/dreamlift.com.pl\/?post_type=product&#038;p=74"},"modified":"2025-11-15T15:37:23","modified_gmt":"2025-11-15T14:37:23","slug":"olej-konserwacyjny-multi-cobra-400ml-wurth","status":"publish","type":"product","link":"http:\/\/dreamlift.com.pl\/index.php\/produkt\/olej-konserwacyjny-multi-cobra-400ml-wurth\/","title":{"rendered":"Olej konserwacyjny MULTI COBRA-400ML WURTH"},"content":{"rendered":"<div class=\"marketingSection AT_PublicationShortTextUSP \">Uniwersalny spray do r\u00f3\u017cnorodnych zastosowa\u0144 <strong>z dwufunkcyjn\u0105 g\u0142owic\u0105 rozpylaj\u0105c\u0105<\/strong><\/div>\n<div class=\"marketingSection AT_PublicationInstructions\">\n<p class=\"level1\">Wszechstronne zastosowanie i piel\u0119gnacja<\/p>\n<ul>\n<li>Wielofunkcyjna g\u0142owica natryskowa do szerokiej gamy zastosowa\u0144<\/li>\n<li>Usuwa piski i skrzypienie oraz smaruje wszystkie zapieczone lub zablokowane elementy<\/li>\n<li>Czy\u015bci i chroni elementy z tworzyw sztucznych i metalu, np. panele i obudowy<\/li>\n<li>Smaruje mechanizmy blokuj\u0105ce, zawiasy, tuleje, \u0142a\u0144cuchy i zamki w drzwiach<\/li>\n<\/ul>\n<p>&nbsp;<\/p>\n<p class=\"level1\">\u2705<strong>Wielofunkcyjne rozwi\u0105zanie i ochrona cz\u0119\u015bci<\/strong><\/p>\n<ul>\n<li>Rozlu\u017ania zardzewia\u0142e cz\u0119\u015bci metalowe<\/li>\n<li>Chroni metale i podzespo\u0142y elektryczne przed korozj\u0105<\/li>\n<li>Zapobiega zamarzaniu zamk\u00f3w i zamkni\u0119\u0107<\/li>\n<\/ul>\n<p>&nbsp;<\/p>\n<p class=\"level1\">Zgodny z wi\u0119kszo\u015bci\u0105 materia\u0142\u00f3w<\/p>\n<ul>\n<li>Penetruje uk\u0142ady elektryczne i elektroniczne, usuwaj\u0105c z nich wilgo\u0107<\/li>\n<li>Nie niszczy kauczuku, farb ani tworzyw sztucznych<\/li>\n<\/ul>\n<p><img fetchpriority=\"high\" decoding=\"async\" class=\"alignnone size-medium wp-image-76\" src=\"http:\/\/dreamlift.com.pl\/wp-content\/uploads\/2025\/11\/j1-300x300.avif\" alt=\"\" width=\"300\" height=\"300\" srcset=\"http:\/\/dreamlift.com.pl\/wp-content\/uploads\/2025\/11\/j1-300x300.avif 300w, http:\/\/dreamlift.com.pl\/wp-content\/uploads\/2025\/11\/j1-150x150.avif 150w, http:\/\/dreamlift.com.pl\/wp-content\/uploads\/2025\/11\/j1-100x100.avif 100w, http:\/\/dreamlift.com.pl\/wp-content\/uploads\/2025\/11\/j1.avif 576w\" sizes=\"(max-width: 300px) 100vw, 300px\" \/><img decoding=\"async\" class=\"alignnone size-medium wp-image-77\" src=\"http:\/\/dreamlift.com.pl\/wp-content\/uploads\/2025\/11\/j2-300x300.avif\" alt=\"\" width=\"300\" height=\"300\" srcset=\"http:\/\/dreamlift.com.pl\/wp-content\/uploads\/2025\/11\/j2-300x300.avif 300w, http:\/\/dreamlift.com.pl\/wp-content\/uploads\/2025\/11\/j2-150x150.avif 150w, http:\/\/dreamlift.com.pl\/wp-content\/uploads\/2025\/11\/j2-100x100.avif 100w, http:\/\/dreamlift.com.pl\/wp-content\/uploads\/2025\/11\/j2.avif 576w\" sizes=\"(max-width: 300px) 100vw, 300px\" \/><\/p>\n<div class=\"marketingSection AT_PublicationApplicationArea\"><strong><span class=\"marketingSectionTitle\">Obszar zastosowania:<\/span><\/strong>Luzuje skorodowane \u015bruby, po\u0142\u0105czenia rurowe, wkr\u0119ty, nakr\u0119tki, przeguby, ci\u0119gna Bowdena, wa\u0142y, zamki itp. w zastosowaniach profesjonalnych<\/p>\n<\/div>\n<div class=\"marketingSection AT_ManualPub marketingSubSection\"><strong><span class=\"marketingSectionTitle\">Instrukcja:<\/span><\/strong><\/p>\n<ul>\n<li>Wstrz\u0105sn\u0105\u0107 puszk\u0105 przed u\u017cyciem<\/li>\n<li>Spryska\u0107 cz\u0119\u015bci i pozostawi\u0107 na chwil\u0119 do dzia\u0142ania<\/li>\n<li>Po wykorzystaniu obr\u00f3ci\u0107 puszk\u0119 do g\u00f3ry dnem i rozpyla\u0107 a\u017c do ca\u0142kowitego opr\u00f3\u017cnienia<\/li>\n<\/ul>\n<\/div>\n<\/div>\n","protected":false},"excerpt":{"rendered":"<p><img decoding=\"async\" class=\"alignnone size-medium wp-image-69\" src=\"http:\/\/dreamlift.com.pl\/wp-content\/uploads\/2025\/11\/Projekt-bez-nazwy-300x75.png\" alt=\"\" width=\"300\" height=\"75\" srcset=\"http:\/\/dreamlift.com.pl\/wp-content\/uploads\/2025\/11\/Projekt-bez-nazwy-300x75.png 300w, http:\/\/dreamlift.com.pl\/wp-content\/uploads\/2025\/11\/Projekt-bez-nazwy-1024x256.png 1024w, http:\/\/dreamlift.com.pl\/wp-content\/uploads\/2025\/11\/Projekt-bez-nazwy-768x192.png 768w, http:\/\/dreamlift.com.pl\/wp-content\/uploads\/2025\/11\/Projekt-bez-nazwy-600x150.png 600w, http:\/\/dreamlift.com.pl\/wp-content\/uploads\/2025\/11\/Projekt-bez-nazwy.png 1200w\" sizes=\"(max-width: 300px) 100vw, 300px\" \/><\/p>\n<p><img loading=\"lazy\" decoding=\"async\" class=\"alignnone size-medium wp-image-73\" src=\"http:\/\/dreamlift.com.pl\/wp-content\/uploads\/2025\/11\/kurierzy-cskmed-300x34.jpg\" alt=\"\" width=\"300\" height=\"34\" srcset=\"http:\/\/dreamlift.com.pl\/wp-content\/uploads\/2025\/11\/kurierzy-cskmed-300x34.jpg 300w, http:\/\/dreamlift.com.pl\/wp-content\/uploads\/2025\/11\/kurierzy-cskmed-1024x117.jpg 1024w, http:\/\/dreamlift.com.pl\/wp-content\/uploads\/2025\/11\/kurierzy-cskmed-768x88.jpg 768w, http:\/\/dreamlift.com.pl\/wp-content\/uploads\/2025\/11\/kurierzy-cskmed-1536x176.jpg 1536w, http:\/\/dreamlift.com.pl\/wp-content\/uploads\/2025\/11\/kurierzy-cskmed-2048x235.jpg 2048w, http:\/\/dreamlift.com.pl\/wp-content\/uploads\/2025\/11\/kurierzy-cskmed-1320x151.jpg 1320w, http:\/\/dreamlift.com.pl\/wp-content\/uploads\/2025\/11\/kurierzy-cskmed-600x69.jpg 600w\" sizes=\"(max-width: 300px) 100vw, 300px\" \/><\/p>\n","protected":false},"featured_media":75,"comment_status":"open","ping_status":"closed","template":"","meta":{"_eb_attr":"","ocean_post_layout":"","ocean_both_sidebars_style":"","ocean_both_sidebars_content_width":0,"ocean_both_sidebars_sidebars_width":0,"ocean_sidebar":"0","ocean_second_sidebar":"0","ocean_disable_margins":"enable","ocean_add_body_class":"","ocean_shortcode_before_top_bar":"","ocean_shortcode_after_top_bar":"","ocean_shortcode_before_header":"","ocean_shortcode_after_header":"","ocean_has_shortcode":"","ocean_shortcode_after_title":"","ocean_shortcode_before_footer_widgets":"","ocean_shortcode_after_footer_widgets":"","ocean_shortcode_before_footer_bottom":"","ocean_shortcode_after_footer_bottom":"","ocean_display_top_bar":"default","ocean_display_header":"default","ocean_header_style":"","ocean_center_header_left_menu":"0","ocean_custom_header_template":"0","ocean_custom_logo":0,"ocean_custom_retina_logo":0,"ocean_custom_logo_max_width":0,"ocean_custom_logo_tablet_max_width":0,"ocean_custom_logo_mobile_max_width":0,"ocean_custom_logo_max_height":0,"ocean_custom_logo_tablet_max_height":0,"ocean_custom_logo_mobile_max_height":0,"ocean_header_custom_menu":"0","ocean_menu_typo_font_family":"0","ocean_menu_typo_font_subset":"","ocean_menu_typo_font_size":0,"ocean_menu_typo_font_size_tablet":0,"ocean_menu_typo_font_size_mobile":0,"ocean_menu_typo_font_size_unit":"px","ocean_menu_typo_font_weight":"","ocean_menu_typo_font_weight_tablet":"","ocean_menu_typo_font_weight_mobile":"","ocean_menu_typo_transform":"","ocean_menu_typo_transform_tablet":"","ocean_menu_typo_transform_mobile":"","ocean_menu_typo_line_height":0,"ocean_menu_typo_line_height_tablet":0,"ocean_menu_typo_line_height_mobile":0,"ocean_menu_typo_line_height_unit":"","ocean_menu_typo_spacing":0,"ocean_menu_typo_spacing_tablet":0,"ocean_menu_typo_spacing_mobile":0,"ocean_menu_typo_spacing_unit":"","ocean_menu_link_color":"","ocean_menu_link_color_hover":"","ocean_menu_link_color_active":"","ocean_menu_link_background":"","ocean_menu_link_hover_background":"","ocean_menu_link_active_background":"","ocean_menu_social_links_bg":"","ocean_menu_social_hover_links_bg":"","ocean_menu_social_links_color":"","ocean_menu_social_hover_links_color":"","ocean_disable_title":"default","ocean_disable_heading":"default","ocean_post_title":"","ocean_post_subheading":"","ocean_post_title_style":"","ocean_post_title_background_color":"","ocean_post_title_background":0,"ocean_post_title_bg_image_position":"","ocean_post_title_bg_image_attachment":"","ocean_post_title_bg_image_repeat":"","ocean_post_title_bg_image_size":"","ocean_post_title_height":0,"ocean_post_title_bg_overlay":0.5,"ocean_post_title_bg_overlay_color":"","ocean_disable_breadcrumbs":"default","ocean_breadcrumbs_color":"","ocean_breadcrumbs_separator_color":"","ocean_breadcrumbs_links_color":"","ocean_breadcrumbs_links_hover_color":"","ocean_display_footer_widgets":"default","ocean_display_footer_bottom":"default","ocean_custom_footer_template":"0"},"product_brand":[],"product_cat":[19],"product_tag":[27,29,28],"class_list":{"0":"post-74","1":"product","2":"type-product","3":"status-publish","4":"has-post-thumbnail","6":"product_cat-chemia-motoryzacyjna-i-warsztatowa","7":"product_tag-konserwacja","8":"product_tag-multi-cobra","9":"product_tag-olej-konserwacyjny","11":"entry","12":"has-media","14":"first","15":"instock","16":"shipping-taxable","17":"purchasable","18":"product-type-simple","19":"has-product-nav","20":"col","21":"span_1_of_3","22":"owp-content-center","23":"owp-thumbs-layout-horizontal","24":"owp-btn-normal","25":"owp-tabs-layout-horizontal"},"jetpack_sharing_enabled":true,"_links":{"self":[{"href":"http:\/\/dreamlift.com.pl\/index.php\/wp-json\/wp\/v2\/product\/74","targetHints":{"allow":["GET"]}}],"collection":[{"href":"http:\/\/dreamlift.com.pl\/index.php\/wp-json\/wp\/v2\/product"}],"about":[{"href":"http:\/\/dreamlift.com.pl\/index.php\/wp-json\/wp\/v2\/types\/product"}],"replies":[{"embeddable":true,"href":"http:\/\/dreamlift.com.pl\/index.php\/wp-json\/wp\/v2\/comments?post=74"}],"wp:featuredmedia":[{"embeddable":true,"href":"http:\/\/dreamlift.com.pl\/index.php\/wp-json\/wp\/v2\/media\/75"}],"wp:attachment":[{"href":"http:\/\/dreamlift.com.pl\/index.php\/wp-json\/wp\/v2\/media?parent=74"}],"wp:term":[{"taxonomy":"product_brand","embeddable":true,"href":"http:\/\/dreamlift.com.pl\/index.php\/wp-json\/wp\/v2\/product_brand?post=74"},{"taxonomy":"product_cat","embeddable":true,"href":"http:\/\/dreamlift.com.pl\/index.php\/wp-json\/wp\/v2\/product_cat?post=74"},{"taxonomy":"product_tag","embeddable":true,"href":"http:\/\/dreamlift.com.pl\/index.php\/wp-json\/wp\/v2\/product_tag?post=74"}],"curies":[{"name":"wp","href":"https:\/\/api.w.org\/{rel}","templated":true}]}}