{"id":70,"date":"2025-11-15T15:20:13","date_gmt":"2025-11-15T14:20:13","guid":{"rendered":"http:\/\/dreamlift.com.pl\/?post_type=product&#038;p=70"},"modified":"2025-11-15T15:20:13","modified_gmt":"2025-11-15T14:20:13","slug":"odrdzewiacz-boltex-300-ml","status":"publish","type":"product","link":"http:\/\/dreamlift.com.pl\/index.php\/produkt\/odrdzewiacz-boltex-300-ml\/","title":{"rendered":"Odrdzewiacz Boltex-300 ML"},"content":{"rendered":"<h3>Preparat do usuwania rdzy<\/h3>\n<div class=\"marketingSection AT_PublicationShortTextUSP \">Najwy\u017cszej jako\u015bci odrdzewiacz bez zawarto\u015bci oleju mineralnego stworzony na bazie mikroprzep\u0142ywowej receptury KENA<sup>\u00ae<\/sup>\u00a0<strong>do luzowania zapieczonych po\u0142\u0105cze\u0144 oraz do czyszczenia korozji nalotowej i plam z rdzy<\/strong><\/div>\n<div class=\"marketingSection AT_PublicationInstructions\">\n<p>&nbsp;<\/p>\n<p class=\"level1\"><strong>\u2705Trwale luzuje mocno zardzewia\u0142e \u015bruby<\/strong><\/p>\n<p class=\"level1\">\u2705<strong>Ekonomiczne rozwi\u0105zanie<\/strong><\/p>\n<p class=\"level1\"><strong>3 razy wi\u0119ksza skuteczno\u015b\u0107 dzi\u0119ki innowacyjnej formule mikrop\u0142ynu KENA<sup>\u00ae<\/sup><\/strong><\/p>\n<p class=\"level1\"><strong>\u2705Inteligentna, wielofunkcyjna g\u0142owica natryskowa<\/strong><\/p>\n<ul>\n<li>Precyzyjne spryskiwanie zapewniaj\u0105ce oszcz\u0119dne dozowanie<\/li>\n<li>Natrysk szerokopasmowy u\u0142atwiaj\u0105cy czyszczenie powierzchni<\/li>\n<\/ul>\n<p>&nbsp;<\/p>\n<p class=\"level1\">\u2705<strong>Oddziela rdz\u0119 od powierzchni<\/strong><\/p>\n<ul>\n<li>Skutecznie penetruje zardzewia\u0142e po\u0142\u0105czenia<\/li>\n<li>U\u0142atwia to luzowanie zakleszczonych \u015brub i nakr\u0119tek<\/li>\n<\/ul>\n<p><img fetchpriority=\"high\" decoding=\"async\" class=\"alignnone size-medium wp-image-72\" src=\"http:\/\/dreamlift.com.pl\/wp-content\/uploads\/2025\/11\/Projekt-bez-nazwy-3-300x251.png\" alt=\"\" width=\"300\" height=\"251\" srcset=\"http:\/\/dreamlift.com.pl\/wp-content\/uploads\/2025\/11\/Projekt-bez-nazwy-3-300x251.png 300w, http:\/\/dreamlift.com.pl\/wp-content\/uploads\/2025\/11\/Projekt-bez-nazwy-3-768x644.png 768w, http:\/\/dreamlift.com.pl\/wp-content\/uploads\/2025\/11\/Projekt-bez-nazwy-3-600x503.png 600w, http:\/\/dreamlift.com.pl\/wp-content\/uploads\/2025\/11\/Projekt-bez-nazwy-3.png 940w\" sizes=\"(max-width: 300px) 100vw, 300px\" \/><\/p>\n<div class=\"marketingSection AT_PublicationApplicationArea\"><strong><span class=\"marketingSectionTitle\">Obszar zastosowania:<\/span><\/strong><\/div>\n<div class=\"marketingSection AT_PublicationApplicationArea\">\n<p>Skutecznie usuwa osady rdzy, takie jak wykwity rdzy, plamy rdzy, zbrylenia i pozosta\u0142o\u015bci oleju. Luzuje zapieczone po\u0142\u0105czenia<\/p>\n<\/div>\n<div class=\"marketingSection AT_ManualPub marketingSubSection\"><strong><span class=\"marketingSectionTitle\">Instrukcja:<\/span><\/strong><\/div>\n<div class=\"marketingSection AT_ManualPub marketingSubSection\">\n<p>Luzowanie po\u0142\u0105cze\u0144: Spryska\u0107 podzespo\u0142y, kt\u00f3re maj\u0105 zosta\u0107 poddane obr\u00f3bce. Czas nas\u0105czania zale\u017cy od stopnia zardzewienia. Spryska\u0107 bezpo\u015brednio na obrabian\u0105 powierzchni\u0119, pozostawi\u0107 do zadzia\u0142ania i wytrze\u0107 \u015bciereczk\u0105 lub sp\u0142uka\u0107\/zneutralizowa\u0107 wod\u0105.<\/p>\n<\/div>\n<\/div>\n","protected":false},"excerpt":{"rendered":"<p><img decoding=\"async\" class=\"alignnone size-medium wp-image-69\" src=\"http:\/\/dreamlift.com.pl\/wp-content\/uploads\/2025\/11\/Projekt-bez-nazwy-300x75.png\" alt=\"\" width=\"300\" height=\"75\" srcset=\"http:\/\/dreamlift.com.pl\/wp-content\/uploads\/2025\/11\/Projekt-bez-nazwy-300x75.png 300w, http:\/\/dreamlift.com.pl\/wp-content\/uploads\/2025\/11\/Projekt-bez-nazwy-1024x256.png 1024w, http:\/\/dreamlift.com.pl\/wp-content\/uploads\/2025\/11\/Projekt-bez-nazwy-768x192.png 768w, http:\/\/dreamlift.com.pl\/wp-content\/uploads\/2025\/11\/Projekt-bez-nazwy-600x150.png 600w, http:\/\/dreamlift.com.pl\/wp-content\/uploads\/2025\/11\/Projekt-bez-nazwy.png 1200w\" sizes=\"(max-width: 300px) 100vw, 300px\" \/><\/p>\n<p><img decoding=\"async\" class=\"alignnone size-medium wp-image-73\" src=\"http:\/\/dreamlift.com.pl\/wp-content\/uploads\/2025\/11\/kurierzy-cskmed-300x34.jpg\" alt=\"\" width=\"300\" height=\"34\" srcset=\"http:\/\/dreamlift.com.pl\/wp-content\/uploads\/2025\/11\/kurierzy-cskmed-300x34.jpg 300w, http:\/\/dreamlift.com.pl\/wp-content\/uploads\/2025\/11\/kurierzy-cskmed-1024x117.jpg 1024w, http:\/\/dreamlift.com.pl\/wp-content\/uploads\/2025\/11\/kurierzy-cskmed-768x88.jpg 768w, http:\/\/dreamlift.com.pl\/wp-content\/uploads\/2025\/11\/kurierzy-cskmed-1536x176.jpg 1536w, http:\/\/dreamlift.com.pl\/wp-content\/uploads\/2025\/11\/kurierzy-cskmed-2048x235.jpg 2048w, http:\/\/dreamlift.com.pl\/wp-content\/uploads\/2025\/11\/kurierzy-cskmed-1320x151.jpg 1320w, http:\/\/dreamlift.com.pl\/wp-content\/uploads\/2025\/11\/kurierzy-cskmed-600x69.jpg 600w\" sizes=\"(max-width: 300px) 100vw, 300px\" \/><\/p>\n","protected":false},"featured_media":71,"comment_status":"open","ping_status":"closed","template":"","meta":{"_eb_attr":"","ocean_post_layout":"","ocean_both_sidebars_style":"","ocean_both_sidebars_content_width":0,"ocean_both_sidebars_sidebars_width":0,"ocean_sidebar":"0","ocean_second_sidebar":"0","ocean_disable_margins":"enable","ocean_add_body_class":"","ocean_shortcode_before_top_bar":"","ocean_shortcode_after_top_bar":"","ocean_shortcode_before_header":"","ocean_shortcode_after_header":"","ocean_has_shortcode":"","ocean_shortcode_after_title":"","ocean_shortcode_before_footer_widgets":"","ocean_shortcode_after_footer_widgets":"","ocean_shortcode_before_footer_bottom":"","ocean_shortcode_after_footer_bottom":"","ocean_display_top_bar":"default","ocean_display_header":"default","ocean_header_style":"","ocean_center_header_left_menu":"0","ocean_custom_header_template":"0","ocean_custom_logo":0,"ocean_custom_retina_logo":0,"ocean_custom_logo_max_width":0,"ocean_custom_logo_tablet_max_width":0,"ocean_custom_logo_mobile_max_width":0,"ocean_custom_logo_max_height":0,"ocean_custom_logo_tablet_max_height":0,"ocean_custom_logo_mobile_max_height":0,"ocean_header_custom_menu":"0","ocean_menu_typo_font_family":"0","ocean_menu_typo_font_subset":"","ocean_menu_typo_font_size":0,"ocean_menu_typo_font_size_tablet":0,"ocean_menu_typo_font_size_mobile":0,"ocean_menu_typo_font_size_unit":"px","ocean_menu_typo_font_weight":"","ocean_menu_typo_font_weight_tablet":"","ocean_menu_typo_font_weight_mobile":"","ocean_menu_typo_transform":"","ocean_menu_typo_transform_tablet":"","ocean_menu_typo_transform_mobile":"","ocean_menu_typo_line_height":0,"ocean_menu_typo_line_height_tablet":0,"ocean_menu_typo_line_height_mobile":0,"ocean_menu_typo_line_height_unit":"","ocean_menu_typo_spacing":0,"ocean_menu_typo_spacing_tablet":0,"ocean_menu_typo_spacing_mobile":0,"ocean_menu_typo_spacing_unit":"","ocean_menu_link_color":"","ocean_menu_link_color_hover":"","ocean_menu_link_color_active":"","ocean_menu_link_background":"","ocean_menu_link_hover_background":"","ocean_menu_link_active_background":"","ocean_menu_social_links_bg":"","ocean_menu_social_hover_links_bg":"","ocean_menu_social_links_color":"","ocean_menu_social_hover_links_color":"","ocean_disable_title":"default","ocean_disable_heading":"default","ocean_post_title":"","ocean_post_subheading":"","ocean_post_title_style":"","ocean_post_title_background_color":"","ocean_post_title_background":0,"ocean_post_title_bg_image_position":"","ocean_post_title_bg_image_attachment":"","ocean_post_title_bg_image_repeat":"","ocean_post_title_bg_image_size":"","ocean_post_title_height":0,"ocean_post_title_bg_overlay":0.5,"ocean_post_title_bg_overlay_color":"","ocean_disable_breadcrumbs":"default","ocean_breadcrumbs_color":"","ocean_breadcrumbs_separator_color":"","ocean_breadcrumbs_links_color":"","ocean_breadcrumbs_links_hover_color":"","ocean_display_footer_widgets":"default","ocean_display_footer_bottom":"default","ocean_custom_footer_template":"0"},"product_brand":[],"product_cat":[19],"product_tag":[26,22,23],"class_list":{"0":"post-70","1":"product","2":"type-product","3":"status-publish","4":"has-post-thumbnail","6":"product_cat-chemia-motoryzacyjna-i-warsztatowa","7":"product_tag-boltex","8":"product_tag-odrdzewiacz","9":"product_tag-rdza","11":"entry","12":"has-media","14":"first","15":"instock","16":"shipping-taxable","17":"purchasable","18":"product-type-simple","19":"has-product-nav","20":"col","21":"span_1_of_3","22":"owp-content-center","23":"owp-thumbs-layout-horizontal","24":"owp-btn-normal","25":"owp-tabs-layout-horizontal"},"jetpack_sharing_enabled":true,"_links":{"self":[{"href":"http:\/\/dreamlift.com.pl\/index.php\/wp-json\/wp\/v2\/product\/70","targetHints":{"allow":["GET"]}}],"collection":[{"href":"http:\/\/dreamlift.com.pl\/index.php\/wp-json\/wp\/v2\/product"}],"about":[{"href":"http:\/\/dreamlift.com.pl\/index.php\/wp-json\/wp\/v2\/types\/product"}],"replies":[{"embeddable":true,"href":"http:\/\/dreamlift.com.pl\/index.php\/wp-json\/wp\/v2\/comments?post=70"}],"wp:featuredmedia":[{"embeddable":true,"href":"http:\/\/dreamlift.com.pl\/index.php\/wp-json\/wp\/v2\/media\/71"}],"wp:attachment":[{"href":"http:\/\/dreamlift.com.pl\/index.php\/wp-json\/wp\/v2\/media?parent=70"}],"wp:term":[{"taxonomy":"product_brand","embeddable":true,"href":"http:\/\/dreamlift.com.pl\/index.php\/wp-json\/wp\/v2\/product_brand?post=70"},{"taxonomy":"product_cat","embeddable":true,"href":"http:\/\/dreamlift.com.pl\/index.php\/wp-json\/wp\/v2\/product_cat?post=70"},{"taxonomy":"product_tag","embeddable":true,"href":"http:\/\/dreamlift.com.pl\/index.php\/wp-json\/wp\/v2\/product_tag?post=70"}],"curies":[{"name":"wp","href":"https:\/\/api.w.org\/{rel}","templated":true}]}}