{"id":235,"date":"2026-02-11T20:08:49","date_gmt":"2026-02-11T19:08:49","guid":{"rendered":"http:\/\/dreamlift.com.pl\/?post_type=product&#038;p=235"},"modified":"2026-02-11T20:08:49","modified_gmt":"2026-02-11T19:08:49","slug":"zmywacz-do-hamulcow-uniwersalny-600-ml-wurth","status":"publish","type":"product","link":"http:\/\/dreamlift.com.pl\/index.php\/produkt\/zmywacz-do-hamulcow-uniwersalny-600-ml-wurth\/","title":{"rendered":"Zmywacz do hamulc\u00f3w uniwersalny 600 ml WURTH"},"content":{"rendered":"<div class=\"marketingSection AT_PublicationShortTextUSP \"><strong>Zmywacz do hamulc\u00f3w uniwersalny 600 ml WURTH<\/strong> do czyszczenia i odt\u0142uszczania podczas konserwacji i naprawy.<\/div>\n<div class=\"marketingSection AT_PublicationInstructions\">\n<p class=\"level1\">Szybkie zmywanie i doskona\u0142e w\u0142a\u015bciwo\u015bci czyszcz\u0105ce<\/p>\n<p>&#x2705;Szybkie i skuteczne usuwanie sadzy, t\u0142uszczu, py\u0142u hamulcowego i resztek olej\u00f3w<\/p>\n<p>&#x2705;Czyszczenie bez pozostawiania osadu<\/p>\n<p><img fetchpriority=\"high\" decoding=\"async\" class=\"size-medium wp-image-236\" src=\"http:\/\/dreamlift.com.pl\/wp-content\/uploads\/2026\/02\/ZMYWACZ-DO-HAMULCOW-BRAKE-CLEANER-600ml-WURTH-0890108766-EAN-GTIN-4099618017469-300x276.jpg\" alt=\"\" width=\"300\" height=\"276\" srcset=\"http:\/\/dreamlift.com.pl\/wp-content\/uploads\/2026\/02\/ZMYWACZ-DO-HAMULCOW-BRAKE-CLEANER-600ml-WURTH-0890108766-EAN-GTIN-4099618017469-300x276.jpg 300w, http:\/\/dreamlift.com.pl\/wp-content\/uploads\/2026\/02\/ZMYWACZ-DO-HAMULCOW-BRAKE-CLEANER-600ml-WURTH-0890108766-EAN-GTIN-4099618017469-600x552.jpg 600w, http:\/\/dreamlift.com.pl\/wp-content\/uploads\/2026\/02\/ZMYWACZ-DO-HAMULCOW-BRAKE-CLEANER-600ml-WURTH-0890108766-EAN-GTIN-4099618017469.jpg 625w\" sizes=\"(max-width: 300px) 100vw, 300px\" \/><\/p>\n<p class=\"level1\"><strong>Nie zawiera acetonu<\/strong><\/p>\n<p>Dobra zgodno\u015b\u0107 z materia\u0142ami, takimi jak farby, tworzywa sztuczne, uszczelnienia i guma<\/p>\n<p>&nbsp;<\/p>\n<p class=\"level1\"><strong>Nie zawiera AOX i silikonu<\/strong><\/p>\n<\/div>\n<div class=\"marketingSection AT_PublicationNotice marketingSubSection\"><strong><span class=\"marketingSectionTitle\">Uwaga&#x2757;<\/span><\/strong><\/div>\n<div class=\"marketingSection AT_PublicationNotice marketingSubSection\">\n<p>&nbsp;<\/p>\n<p>Nie rozpyla\u0107 na gor\u0105cych powierzchniach. Nie u\u017cywa\u0107 do czyszczenia powierzchni klej\u0105cych. Przed aplikacj\u0105 nale\u017cy sprawdzi\u0107 w niewidocznym miejscu zgodno\u015b\u0107 z elementami gumowymi lub wykonanymi z tworzyw sztucznych oraz powierzchniami malowanymi.<\/p>\n<\/div>\n<div class=\"marketingSection AT_PublicationInstructions\">\n<p>Powy\u017csze instrukcje dotycz\u0105ce stosowania s\u0105 zaleceniami opartymi na przeprowadzonych testach oraz naszym do\u015bwiadczeniu. Przed u\u017cyciem produktu nale\u017cy wykona\u0107 w\u0142asne testy. Ze wzgl\u0119du na du\u017c\u0105 r\u00f3\u017cnorodno\u015b\u0107 zastosowa\u0144 oraz sposob\u00f3w przechowywania i warunk\u00f3w pracy nie mo\u017cemy przyj\u0105\u0107 odpowiedzialno\u015bci za wyniki u\u017cycia do konkretnego zastosowania. Nasz dzia\u0142 obs\u0142ugi klienta bezp\u0142atnie udost\u0119pnia informacje techniczne lub porady, jednak te us\u0142ugi s\u0105 \u015bwiadczone z wy\u0142\u0105czeniem odpowiedzialno\u015bci, chyba \u017ce informacje w ramach tych us\u0142ug zosta\u0142y udzielone na podstawie zawartej umowy lub konsultant dzia\u0142a w okre\u015blonym celu. Gwarantujemy sta\u0142\u0105 jako\u015b\u0107 naszych produkt\u00f3w. Zastrzegamy sobie prawo do wprowadzania zmian technicznych i modernizacji naszych produkt\u00f3w.<\/p>\n<\/div>\n","protected":false},"excerpt":{"rendered":"<p><img decoding=\"async\" class=\"alignnone size-medium wp-image-228\" src=\"http:\/\/dreamlift.com.pl\/wp-content\/uploads\/2026\/02\/Projekt-bez-nazwy-5-300x75.png\" alt=\"\" width=\"300\" height=\"75\" srcset=\"http:\/\/dreamlift.com.pl\/wp-content\/uploads\/2026\/02\/Projekt-bez-nazwy-5-300x75.png 300w, http:\/\/dreamlift.com.pl\/wp-content\/uploads\/2026\/02\/Projekt-bez-nazwy-5-1024x256.png 1024w, http:\/\/dreamlift.com.pl\/wp-content\/uploads\/2026\/02\/Projekt-bez-nazwy-5-768x192.png 768w, http:\/\/dreamlift.com.pl\/wp-content\/uploads\/2026\/02\/Projekt-bez-nazwy-5-600x150.png 600w, http:\/\/dreamlift.com.pl\/wp-content\/uploads\/2026\/02\/Projekt-bez-nazwy-5.png 1200w\" sizes=\"(max-width: 300px) 100vw, 300px\" \/><\/p>\n<p><img decoding=\"async\" class=\"alignnone size-medium wp-image-221\" src=\"http:\/\/dreamlift.com.pl\/wp-content\/uploads\/2026\/02\/kurierzy-cskmed-5-300x34.jpg\" alt=\"\" width=\"300\" height=\"34\" srcset=\"http:\/\/dreamlift.com.pl\/wp-content\/uploads\/2026\/02\/kurierzy-cskmed-5-300x34.jpg 300w, http:\/\/dreamlift.com.pl\/wp-content\/uploads\/2026\/02\/kurierzy-cskmed-5-1024x117.jpg 1024w, http:\/\/dreamlift.com.pl\/wp-content\/uploads\/2026\/02\/kurierzy-cskmed-5-768x88.jpg 768w, http:\/\/dreamlift.com.pl\/wp-content\/uploads\/2026\/02\/kurierzy-cskmed-5-1536x176.jpg 1536w, http:\/\/dreamlift.com.pl\/wp-content\/uploads\/2026\/02\/kurierzy-cskmed-5-2048x235.jpg 2048w, http:\/\/dreamlift.com.pl\/wp-content\/uploads\/2026\/02\/kurierzy-cskmed-5-1320x151.jpg 1320w, http:\/\/dreamlift.com.pl\/wp-content\/uploads\/2026\/02\/kurierzy-cskmed-5-600x69.jpg 600w\" sizes=\"(max-width: 300px) 100vw, 300px\" \/><\/p>\n","protected":false},"featured_media":237,"comment_status":"open","ping_status":"closed","template":"","meta":{"_eb_attr":"","ocean_post_layout":"","ocean_both_sidebars_style":"","ocean_both_sidebars_content_width":0,"ocean_both_sidebars_sidebars_width":0,"ocean_sidebar":"0","ocean_second_sidebar":"0","ocean_disable_margins":"enable","ocean_add_body_class":"","ocean_shortcode_before_top_bar":"","ocean_shortcode_after_top_bar":"","ocean_shortcode_before_header":"","ocean_shortcode_after_header":"","ocean_has_shortcode":"","ocean_shortcode_after_title":"","ocean_shortcode_before_footer_widgets":"","ocean_shortcode_after_footer_widgets":"","ocean_shortcode_before_footer_bottom":"","ocean_shortcode_after_footer_bottom":"","ocean_display_top_bar":"default","ocean_display_header":"default","ocean_header_style":"","ocean_center_header_left_menu":"0","ocean_custom_header_template":"0","ocean_custom_logo":0,"ocean_custom_retina_logo":0,"ocean_custom_logo_max_width":0,"ocean_custom_logo_tablet_max_width":0,"ocean_custom_logo_mobile_max_width":0,"ocean_custom_logo_max_height":0,"ocean_custom_logo_tablet_max_height":0,"ocean_custom_logo_mobile_max_height":0,"ocean_header_custom_menu":"0","ocean_menu_typo_font_family":"0","ocean_menu_typo_font_subset":"","ocean_menu_typo_font_size":0,"ocean_menu_typo_font_size_tablet":0,"ocean_menu_typo_font_size_mobile":0,"ocean_menu_typo_font_size_unit":"px","ocean_menu_typo_font_weight":"","ocean_menu_typo_font_weight_tablet":"","ocean_menu_typo_font_weight_mobile":"","ocean_menu_typo_transform":"","ocean_menu_typo_transform_tablet":"","ocean_menu_typo_transform_mobile":"","ocean_menu_typo_line_height":0,"ocean_menu_typo_line_height_tablet":0,"ocean_menu_typo_line_height_mobile":0,"ocean_menu_typo_line_height_unit":"","ocean_menu_typo_spacing":0,"ocean_menu_typo_spacing_tablet":0,"ocean_menu_typo_spacing_mobile":0,"ocean_menu_typo_spacing_unit":"","ocean_menu_link_color":"","ocean_menu_link_color_hover":"","ocean_menu_link_color_active":"","ocean_menu_link_background":"","ocean_menu_link_hover_background":"","ocean_menu_link_active_background":"","ocean_menu_social_links_bg":"","ocean_menu_social_hover_links_bg":"","ocean_menu_social_links_color":"","ocean_menu_social_hover_links_color":"","ocean_disable_title":"default","ocean_disable_heading":"default","ocean_post_title":"","ocean_post_subheading":"","ocean_post_title_style":"","ocean_post_title_background_color":"","ocean_post_title_background":0,"ocean_post_title_bg_image_position":"","ocean_post_title_bg_image_attachment":"","ocean_post_title_bg_image_repeat":"","ocean_post_title_bg_image_size":"","ocean_post_title_height":0,"ocean_post_title_bg_overlay":0.5,"ocean_post_title_bg_overlay_color":"","ocean_disable_breadcrumbs":"default","ocean_breadcrumbs_color":"","ocean_breadcrumbs_separator_color":"","ocean_breadcrumbs_links_color":"","ocean_breadcrumbs_links_hover_color":"","ocean_display_footer_widgets":"default","ocean_display_footer_bottom":"default","ocean_custom_footer_template":"0"},"product_brand":[],"product_cat":[19],"product_tag":[62,61],"class_list":{"0":"post-235","1":"product","2":"type-product","3":"status-publish","4":"has-post-thumbnail","6":"product_cat-chemia-motoryzacyjna-i-warsztatowa","7":"product_tag-zmywacz-do-hamulcow","8":"product_tag-zmywacz-uniwersalny-wurth","10":"entry","11":"has-media","13":"first","14":"instock","15":"shipping-taxable","16":"purchasable","17":"product-type-simple","18":"has-product-nav","19":"col","20":"span_1_of_3","21":"owp-content-center","22":"owp-thumbs-layout-horizontal","23":"owp-btn-normal","24":"owp-tabs-layout-horizontal"},"jetpack_sharing_enabled":true,"_links":{"self":[{"href":"http:\/\/dreamlift.com.pl\/index.php\/wp-json\/wp\/v2\/product\/235","targetHints":{"allow":["GET"]}}],"collection":[{"href":"http:\/\/dreamlift.com.pl\/index.php\/wp-json\/wp\/v2\/product"}],"about":[{"href":"http:\/\/dreamlift.com.pl\/index.php\/wp-json\/wp\/v2\/types\/product"}],"replies":[{"embeddable":true,"href":"http:\/\/dreamlift.com.pl\/index.php\/wp-json\/wp\/v2\/comments?post=235"}],"wp:featuredmedia":[{"embeddable":true,"href":"http:\/\/dreamlift.com.pl\/index.php\/wp-json\/wp\/v2\/media\/237"}],"wp:attachment":[{"href":"http:\/\/dreamlift.com.pl\/index.php\/wp-json\/wp\/v2\/media?parent=235"}],"wp:term":[{"taxonomy":"product_brand","embeddable":true,"href":"http:\/\/dreamlift.com.pl\/index.php\/wp-json\/wp\/v2\/product_brand?post=235"},{"taxonomy":"product_cat","embeddable":true,"href":"http:\/\/dreamlift.com.pl\/index.php\/wp-json\/wp\/v2\/product_cat?post=235"},{"taxonomy":"product_tag","embeddable":true,"href":"http:\/\/dreamlift.com.pl\/index.php\/wp-json\/wp\/v2\/product_tag?post=235"}],"curies":[{"name":"wp","href":"https:\/\/api.w.org\/{rel}","templated":true}]}}