{"id":230,"date":"2026-02-11T19:53:35","date_gmt":"2026-02-11T18:53:35","guid":{"rendered":"http:\/\/dreamlift.com.pl\/?post_type=product&#038;p=230"},"modified":"2026-02-11T19:53:35","modified_gmt":"2026-02-11T18:53:35","slug":"pasta-do-montazu-opon-5-kg-wurth","status":"publish","type":"product","link":"http:\/\/dreamlift.com.pl\/index.php\/produkt\/pasta-do-montazu-opon-5-kg-wurth\/","title":{"rendered":"Pasta do monta\u017cu opon 5 kg WURTH"},"content":{"rendered":"<div class=\"marketingSection AT_PublicationShortTextUSP \"><strong>Do monta\u017cu opon samochod\u00f3w osobowych, ci\u0119\u017carowych i motocyklowych<\/strong><\/div>\n<div class=\"marketingSection AT_PublicationInstructions\">\n<p class=\"level1\">Dobre w\u0142a\u015bciwo\u015bci \u015blizgowe<\/p>\n<p>&#x2705;Ma\u0142a si\u0142a i minimalny czas pracy<\/p>\n<p>&#x2705;Minimalne wykorzystanie materia\u0142\u00f3w<\/p>\n<p>&#x2705;Mniejsze zu\u017cycie maszyn<\/p>\n<p>&#x2705;Chroni opony i kraw\u0119dzie obr\u0119czy<\/p>\n<p>&#x2705;Lepsze wycentrowanie opony na obr\u0119czy<\/p>\n<p>&nbsp;<\/p>\n<p class=\"level1\"><strong>Kr\u00f3tki czas odparowania<\/strong><\/p>\n<ul>\n<li>Po\u0142\u0105czenie mi\u0119dzy opon\u0105 a obr\u0119cz\u0105 powstaje natychmiast po monta\u017cu<\/li>\n<li>Mniejsza liczba skarg i mniejsze p\u00f3\u017aniejsze koszty zwi\u0105zane z ponownym wywa\u017caniem<\/li>\n<\/ul>\n<p>&nbsp;<\/p>\n<p class=\"level1\"><strong>Konserwacja gumy i obr\u0119czy ko\u0142a<\/strong><\/p>\n<ul>\n<li>Zachowuje mi\u0119kko\u015b\u0107 kauczuku, przez co zapewnia trwa\u0142e uszczelnienie mi\u0119dzy obr\u0119cz\u0105 ko\u0142a a obrze\u017cem opony<\/li>\n<li>Zapobiega powstawaniu rdzy (w\u0142a\u015bciwo\u015bci antykorozyjne)<\/li>\n<li>Zabezpiecza opon\u0119 przed przyklejaniem si\u0119 do obr\u0119czy ko\u0142a<\/li>\n<\/ul>\n<p>&nbsp;<\/p>\n<p class=\"level1\">Neutralne pH<\/p>\n<ul>\n<li>Nie uszkadza kauczuku ani obr\u0119czy ko\u0142a<\/li>\n<li>Nie uszkadza sk\u00f3ry i nie ma negatywnego wp\u0142ywu na \u015brodowisko<\/li>\n<\/ul>\n<p>&nbsp;<\/p>\n<p class=\"level1\">&#x2705;Tak\u017ce do opon typu run-flat &#8211; mo\u017cna u\u017cywa\u0107 z oponami najnowszej generacji<\/p>\n<p class=\"level1\">&#x2705;Mo\u017cna u\u017cywa\u0107 przy systemie monitorowania ci\u015bnienia w oponach (TPMS)<\/p>\n<p class=\"level1\">&#x2705;Nieszkodliwy dla zdrowia<\/p>\n<p class=\"level1\">&#x2705;Bez szkodliwych rozpuszczalnik\u00f3w<\/p>\n<p class=\"level1\">&#x2705;Zapewnia mi\u0119kkie i gotowe do u\u017cycia obrze\u017ce opony podczas przechowywania w okresie letnim\/zimowym<\/p>\n<p class=\"level1\">&#x2705;Nie zawiera silikonu<\/p>\n<p><img fetchpriority=\"high\" decoding=\"async\" class=\"size-medium wp-image-233\" src=\"http:\/\/dreamlift.com.pl\/wp-content\/uploads\/2026\/02\/WURTH-PASTA-DO-MONTAZU-OPON-MONTAZOWA-BIALA-5KG-EAN-GTIN-4045989970308-300x300.jpg\" alt=\"\" width=\"300\" height=\"300\" srcset=\"http:\/\/dreamlift.com.pl\/wp-content\/uploads\/2026\/02\/WURTH-PASTA-DO-MONTAZU-OPON-MONTAZOWA-BIALA-5KG-EAN-GTIN-4045989970308-300x300.jpg 300w, http:\/\/dreamlift.com.pl\/wp-content\/uploads\/2026\/02\/WURTH-PASTA-DO-MONTAZU-OPON-MONTAZOWA-BIALA-5KG-EAN-GTIN-4045989970308-150x150.jpg 150w, http:\/\/dreamlift.com.pl\/wp-content\/uploads\/2026\/02\/WURTH-PASTA-DO-MONTAZU-OPON-MONTAZOWA-BIALA-5KG-EAN-GTIN-4045989970308-768x768.jpg 768w, http:\/\/dreamlift.com.pl\/wp-content\/uploads\/2026\/02\/WURTH-PASTA-DO-MONTAZU-OPON-MONTAZOWA-BIALA-5KG-EAN-GTIN-4045989970308-600x600.jpg 600w, http:\/\/dreamlift.com.pl\/wp-content\/uploads\/2026\/02\/WURTH-PASTA-DO-MONTAZU-OPON-MONTAZOWA-BIALA-5KG-EAN-GTIN-4045989970308-100x100.jpg 100w, http:\/\/dreamlift.com.pl\/wp-content\/uploads\/2026\/02\/WURTH-PASTA-DO-MONTAZU-OPON-MONTAZOWA-BIALA-5KG-EAN-GTIN-4045989970308.jpg 800w\" sizes=\"(max-width: 300px) 100vw, 300px\" \/><\/p>\n<\/div>\n<div class=\"marketingSection AT_PublicationNotice\"><span class=\"marketingSectionTitle\"><i class=\"icon-interface-circle-tick-a icon-lg mr-2\"><\/i><strong>Uwaga&#x2757;<\/strong><\/span>Utrzymuje obrze\u017ce opony elastyczne i gotowe do u\u017cycia podczas przechowywania latem\/zim\u0105, fizjologicznie nieszkodliwa<\/p>\n<p>Bez szkodliwych rozpuszczalnik\u00f3w, nie zawiera silikonu<\/p>\n<\/div>\n","protected":false},"excerpt":{"rendered":"<p><img decoding=\"async\" class=\"alignnone size-medium wp-image-228\" src=\"http:\/\/dreamlift.com.pl\/wp-content\/uploads\/2026\/02\/Projekt-bez-nazwy-5-300x75.png\" alt=\"\" width=\"300\" height=\"75\" srcset=\"http:\/\/dreamlift.com.pl\/wp-content\/uploads\/2026\/02\/Projekt-bez-nazwy-5-300x75.png 300w, http:\/\/dreamlift.com.pl\/wp-content\/uploads\/2026\/02\/Projekt-bez-nazwy-5-1024x256.png 1024w, http:\/\/dreamlift.com.pl\/wp-content\/uploads\/2026\/02\/Projekt-bez-nazwy-5-768x192.png 768w, http:\/\/dreamlift.com.pl\/wp-content\/uploads\/2026\/02\/Projekt-bez-nazwy-5-600x150.png 600w, http:\/\/dreamlift.com.pl\/wp-content\/uploads\/2026\/02\/Projekt-bez-nazwy-5.png 1200w\" sizes=\"(max-width: 300px) 100vw, 300px\" \/><\/p>\n<p><img decoding=\"async\" class=\"alignnone size-medium wp-image-229\" src=\"http:\/\/dreamlift.com.pl\/wp-content\/uploads\/2026\/02\/kurierzy-cskmed-6-300x34.jpg\" alt=\"\" width=\"300\" height=\"34\" srcset=\"http:\/\/dreamlift.com.pl\/wp-content\/uploads\/2026\/02\/kurierzy-cskmed-6-300x34.jpg 300w, http:\/\/dreamlift.com.pl\/wp-content\/uploads\/2026\/02\/kurierzy-cskmed-6-1024x117.jpg 1024w, http:\/\/dreamlift.com.pl\/wp-content\/uploads\/2026\/02\/kurierzy-cskmed-6-768x88.jpg 768w, http:\/\/dreamlift.com.pl\/wp-content\/uploads\/2026\/02\/kurierzy-cskmed-6-1536x176.jpg 1536w, http:\/\/dreamlift.com.pl\/wp-content\/uploads\/2026\/02\/kurierzy-cskmed-6-2048x235.jpg 2048w, http:\/\/dreamlift.com.pl\/wp-content\/uploads\/2026\/02\/kurierzy-cskmed-6-1320x151.jpg 1320w, http:\/\/dreamlift.com.pl\/wp-content\/uploads\/2026\/02\/kurierzy-cskmed-6-600x69.jpg 600w\" sizes=\"(max-width: 300px) 100vw, 300px\" \/><\/p>\n","protected":false},"featured_media":232,"comment_status":"open","ping_status":"closed","template":"","meta":{"_eb_attr":"","ocean_post_layout":"","ocean_both_sidebars_style":"","ocean_both_sidebars_content_width":0,"ocean_both_sidebars_sidebars_width":0,"ocean_sidebar":"0","ocean_second_sidebar":"0","ocean_disable_margins":"enable","ocean_add_body_class":"","ocean_shortcode_before_top_bar":"","ocean_shortcode_after_top_bar":"","ocean_shortcode_before_header":"","ocean_shortcode_after_header":"","ocean_has_shortcode":"","ocean_shortcode_after_title":"","ocean_shortcode_before_footer_widgets":"","ocean_shortcode_after_footer_widgets":"","ocean_shortcode_before_footer_bottom":"","ocean_shortcode_after_footer_bottom":"","ocean_display_top_bar":"default","ocean_display_header":"default","ocean_header_style":"","ocean_center_header_left_menu":"0","ocean_custom_header_template":"0","ocean_custom_logo":0,"ocean_custom_retina_logo":0,"ocean_custom_logo_max_width":0,"ocean_custom_logo_tablet_max_width":0,"ocean_custom_logo_mobile_max_width":0,"ocean_custom_logo_max_height":0,"ocean_custom_logo_tablet_max_height":0,"ocean_custom_logo_mobile_max_height":0,"ocean_header_custom_menu":"0","ocean_menu_typo_font_family":"0","ocean_menu_typo_font_subset":"","ocean_menu_typo_font_size":0,"ocean_menu_typo_font_size_tablet":0,"ocean_menu_typo_font_size_mobile":0,"ocean_menu_typo_font_size_unit":"px","ocean_menu_typo_font_weight":"","ocean_menu_typo_font_weight_tablet":"","ocean_menu_typo_font_weight_mobile":"","ocean_menu_typo_transform":"","ocean_menu_typo_transform_tablet":"","ocean_menu_typo_transform_mobile":"","ocean_menu_typo_line_height":0,"ocean_menu_typo_line_height_tablet":0,"ocean_menu_typo_line_height_mobile":0,"ocean_menu_typo_line_height_unit":"","ocean_menu_typo_spacing":0,"ocean_menu_typo_spacing_tablet":0,"ocean_menu_typo_spacing_mobile":0,"ocean_menu_typo_spacing_unit":"","ocean_menu_link_color":"","ocean_menu_link_color_hover":"","ocean_menu_link_color_active":"","ocean_menu_link_background":"","ocean_menu_link_hover_background":"","ocean_menu_link_active_background":"","ocean_menu_social_links_bg":"","ocean_menu_social_hover_links_bg":"","ocean_menu_social_links_color":"","ocean_menu_social_hover_links_color":"","ocean_disable_title":"default","ocean_disable_heading":"default","ocean_post_title":"","ocean_post_subheading":"","ocean_post_title_style":"","ocean_post_title_background_color":"","ocean_post_title_background":0,"ocean_post_title_bg_image_position":"","ocean_post_title_bg_image_attachment":"","ocean_post_title_bg_image_repeat":"","ocean_post_title_bg_image_size":"","ocean_post_title_height":0,"ocean_post_title_bg_overlay":0.5,"ocean_post_title_bg_overlay_color":"","ocean_disable_breadcrumbs":"default","ocean_breadcrumbs_color":"","ocean_breadcrumbs_separator_color":"","ocean_breadcrumbs_links_color":"","ocean_breadcrumbs_links_hover_color":"","ocean_display_footer_widgets":"default","ocean_display_footer_bottom":"default","ocean_custom_footer_template":"0"},"product_brand":[],"product_cat":[19],"product_tag":[59,60],"class_list":{"0":"post-230","1":"product","2":"type-product","3":"status-publish","4":"has-post-thumbnail","6":"product_cat-chemia-motoryzacyjna-i-warsztatowa","7":"product_tag-pasta-do-opon-wurth","8":"product_tag-pasta-montazowa-do-opon-wurth","10":"entry","11":"has-media","13":"first","14":"instock","15":"shipping-taxable","16":"purchasable","17":"product-type-simple","18":"has-product-nav","19":"col","20":"span_1_of_3","21":"owp-content-center","22":"owp-thumbs-layout-horizontal","23":"owp-btn-normal","24":"owp-tabs-layout-horizontal"},"jetpack_sharing_enabled":true,"_links":{"self":[{"href":"http:\/\/dreamlift.com.pl\/index.php\/wp-json\/wp\/v2\/product\/230","targetHints":{"allow":["GET"]}}],"collection":[{"href":"http:\/\/dreamlift.com.pl\/index.php\/wp-json\/wp\/v2\/product"}],"about":[{"href":"http:\/\/dreamlift.com.pl\/index.php\/wp-json\/wp\/v2\/types\/product"}],"replies":[{"embeddable":true,"href":"http:\/\/dreamlift.com.pl\/index.php\/wp-json\/wp\/v2\/comments?post=230"}],"wp:featuredmedia":[{"embeddable":true,"href":"http:\/\/dreamlift.com.pl\/index.php\/wp-json\/wp\/v2\/media\/232"}],"wp:attachment":[{"href":"http:\/\/dreamlift.com.pl\/index.php\/wp-json\/wp\/v2\/media?parent=230"}],"wp:term":[{"taxonomy":"product_brand","embeddable":true,"href":"http:\/\/dreamlift.com.pl\/index.php\/wp-json\/wp\/v2\/product_brand?post=230"},{"taxonomy":"product_cat","embeddable":true,"href":"http:\/\/dreamlift.com.pl\/index.php\/wp-json\/wp\/v2\/product_cat?post=230"},{"taxonomy":"product_tag","embeddable":true,"href":"http:\/\/dreamlift.com.pl\/index.php\/wp-json\/wp\/v2\/product_tag?post=230"}],"curies":[{"name":"wp","href":"https:\/\/api.w.org\/{rel}","templated":true}]}}