{"id":225,"date":"2026-02-11T19:39:09","date_gmt":"2026-02-11T18:39:09","guid":{"rendered":"http:\/\/dreamlift.com.pl\/?post_type=product&#038;p=225"},"modified":"2026-02-11T19:39:09","modified_gmt":"2026-02-11T18:39:09","slug":"quick-fresh-srodek-do-czyszczenia-klimatyzacji-100-ml-wurth","status":"publish","type":"product","link":"http:\/\/dreamlift.com.pl\/index.php\/produkt\/quick-fresh-srodek-do-czyszczenia-klimatyzacji-100-ml-wurth\/","title":{"rendered":"Quick Fresh \u015arodek do czyszczenia klimatyzacji 100 ml WURTH"},"content":{"rendered":"<p><strong>Quick Fresh \u015arodek do czyszczenia klimatyzacji 100 ml\u00a0 WURTH <\/strong>zapewnia przyjemny, \u015bwie\u017cy aromat<\/p>\n<p>&nbsp;<\/p>\n<div class=\"marketingSection AT_PublicationInstructions\">\n<p class=\"level1\"><strong>&#x2705;Eliminuje nieprzyjemne zapachy, kt\u00f3re wyst\u0119puj\u0105 w przewodach wentylacyjnych uk\u0142ad\u00f3w klimatyzacji i we wn\u0119trzu pojazdu<\/strong><\/p>\n<p><img fetchpriority=\"high\" decoding=\"async\" class=\"size-medium wp-image-226\" src=\"http:\/\/dreamlift.com.pl\/wp-content\/uploads\/2026\/02\/Wurth-Quick-Fresh-Srodek-do-czyszczenia-klimatyzacji-100-ml-Producent-Wurth-300x200.jpg\" alt=\"\" width=\"300\" height=\"200\" srcset=\"http:\/\/dreamlift.com.pl\/wp-content\/uploads\/2026\/02\/Wurth-Quick-Fresh-Srodek-do-czyszczenia-klimatyzacji-100-ml-Producent-Wurth-300x200.jpg 300w, http:\/\/dreamlift.com.pl\/wp-content\/uploads\/2026\/02\/Wurth-Quick-Fresh-Srodek-do-czyszczenia-klimatyzacji-100-ml-Producent-Wurth-600x400.jpg 600w, http:\/\/dreamlift.com.pl\/wp-content\/uploads\/2026\/02\/Wurth-Quick-Fresh-Srodek-do-czyszczenia-klimatyzacji-100-ml-Producent-Wurth.jpg 720w\" sizes=\"(max-width: 300px) 100vw, 300px\" \/><\/p>\n<\/div>\n<div class=\"marketingSection AT_PublicationNotice marketingSubSection\"><strong><span class=\"marketingSectionTitle\">Uwaga&#x2757;<\/span><\/strong>Przechowywa\u0107 puszk\u0119 w dobrze wentylowanym miejscu. Chroni\u0107 przed wysokimi i niskimi temperaturami, wilgoci\u0105 oraz ogniem.<\/p>\n<p><strong><span class=\"marketingSectionTitle\">Instrukcja<\/span><\/strong><\/p>\n<p>Wstrz\u0105sn\u0105\u0107 dobrze puszk\u0119 przed u\u017cyciem. Wy\u0142\u0105czy\u0107 uk\u0142ad klimatyzacji. W\u0142\u0105czy\u0107 obieg powietrza, ustawi\u0107 nawiew na maksymalny poziom i wybra\u0107 ustawienie niskiej temperatury. Umie\u015bci\u0107 puszk\u0119 wewn\u0105trz pojazdu i nacisn\u0105\u0107 g\u0142owic\u0119 rozpylaj\u0105c\u0105. Podczas aplikacji pozostawi\u0107 drzwi zamkni\u0119te przez ok. 10 minut i opu\u015bci\u0107 wn\u0119trze pojazdu. Dobrze przewietrzy\u0107 pojazd po u\u017cyciu. Usun\u0105\u0107 nadmiar substancji za pomoc\u0105 wilgotnej szmatki. Podczas aplikacji musz\u0105 by\u0107 wy\u0142\u0105czone wszystkie urz\u0105dzenia elektryczne. Unika\u0107 \u017ar\u00f3de\u0142 zap\u0142onu.<\/p>\n<\/div>\n","protected":false},"excerpt":{"rendered":"<p><img decoding=\"async\" class=\"alignnone size-medium wp-image-228\" src=\"http:\/\/dreamlift.com.pl\/wp-content\/uploads\/2026\/02\/Projekt-bez-nazwy-5-300x75.png\" alt=\"\" width=\"300\" height=\"75\" srcset=\"http:\/\/dreamlift.com.pl\/wp-content\/uploads\/2026\/02\/Projekt-bez-nazwy-5-300x75.png 300w, http:\/\/dreamlift.com.pl\/wp-content\/uploads\/2026\/02\/Projekt-bez-nazwy-5-1024x256.png 1024w, http:\/\/dreamlift.com.pl\/wp-content\/uploads\/2026\/02\/Projekt-bez-nazwy-5-768x192.png 768w, http:\/\/dreamlift.com.pl\/wp-content\/uploads\/2026\/02\/Projekt-bez-nazwy-5-600x150.png 600w, http:\/\/dreamlift.com.pl\/wp-content\/uploads\/2026\/02\/Projekt-bez-nazwy-5.png 1200w\" sizes=\"(max-width: 300px) 100vw, 300px\" \/><\/p>\n<p><img decoding=\"async\" class=\"alignnone size-medium wp-image-229\" src=\"http:\/\/dreamlift.com.pl\/wp-content\/uploads\/2026\/02\/kurierzy-cskmed-6-300x34.jpg\" alt=\"\" width=\"300\" height=\"34\" srcset=\"http:\/\/dreamlift.com.pl\/wp-content\/uploads\/2026\/02\/kurierzy-cskmed-6-300x34.jpg 300w, http:\/\/dreamlift.com.pl\/wp-content\/uploads\/2026\/02\/kurierzy-cskmed-6-1024x117.jpg 1024w, http:\/\/dreamlift.com.pl\/wp-content\/uploads\/2026\/02\/kurierzy-cskmed-6-768x88.jpg 768w, http:\/\/dreamlift.com.pl\/wp-content\/uploads\/2026\/02\/kurierzy-cskmed-6-1536x176.jpg 1536w, http:\/\/dreamlift.com.pl\/wp-content\/uploads\/2026\/02\/kurierzy-cskmed-6-2048x235.jpg 2048w, http:\/\/dreamlift.com.pl\/wp-content\/uploads\/2026\/02\/kurierzy-cskmed-6-1320x151.jpg 1320w, http:\/\/dreamlift.com.pl\/wp-content\/uploads\/2026\/02\/kurierzy-cskmed-6-600x69.jpg 600w\" sizes=\"(max-width: 300px) 100vw, 300px\" \/><\/p>\n","protected":false},"featured_media":227,"comment_status":"open","ping_status":"closed","template":"","meta":{"_eb_attr":"","ocean_post_layout":"","ocean_both_sidebars_style":"","ocean_both_sidebars_content_width":0,"ocean_both_sidebars_sidebars_width":0,"ocean_sidebar":"0","ocean_second_sidebar":"0","ocean_disable_margins":"enable","ocean_add_body_class":"","ocean_shortcode_before_top_bar":"","ocean_shortcode_after_top_bar":"","ocean_shortcode_before_header":"","ocean_shortcode_after_header":"","ocean_has_shortcode":"","ocean_shortcode_after_title":"","ocean_shortcode_before_footer_widgets":"","ocean_shortcode_after_footer_widgets":"","ocean_shortcode_before_footer_bottom":"","ocean_shortcode_after_footer_bottom":"","ocean_display_top_bar":"default","ocean_display_header":"default","ocean_header_style":"","ocean_center_header_left_menu":"0","ocean_custom_header_template":"0","ocean_custom_logo":0,"ocean_custom_retina_logo":0,"ocean_custom_logo_max_width":0,"ocean_custom_logo_tablet_max_width":0,"ocean_custom_logo_mobile_max_width":0,"ocean_custom_logo_max_height":0,"ocean_custom_logo_tablet_max_height":0,"ocean_custom_logo_mobile_max_height":0,"ocean_header_custom_menu":"0","ocean_menu_typo_font_family":"0","ocean_menu_typo_font_subset":"","ocean_menu_typo_font_size":0,"ocean_menu_typo_font_size_tablet":0,"ocean_menu_typo_font_size_mobile":0,"ocean_menu_typo_font_size_unit":"px","ocean_menu_typo_font_weight":"","ocean_menu_typo_font_weight_tablet":"","ocean_menu_typo_font_weight_mobile":"","ocean_menu_typo_transform":"","ocean_menu_typo_transform_tablet":"","ocean_menu_typo_transform_mobile":"","ocean_menu_typo_line_height":0,"ocean_menu_typo_line_height_tablet":0,"ocean_menu_typo_line_height_mobile":0,"ocean_menu_typo_line_height_unit":"","ocean_menu_typo_spacing":0,"ocean_menu_typo_spacing_tablet":0,"ocean_menu_typo_spacing_mobile":0,"ocean_menu_typo_spacing_unit":"","ocean_menu_link_color":"","ocean_menu_link_color_hover":"","ocean_menu_link_color_active":"","ocean_menu_link_background":"","ocean_menu_link_hover_background":"","ocean_menu_link_active_background":"","ocean_menu_social_links_bg":"","ocean_menu_social_hover_links_bg":"","ocean_menu_social_links_color":"","ocean_menu_social_hover_links_color":"","ocean_disable_title":"default","ocean_disable_heading":"default","ocean_post_title":"","ocean_post_subheading":"","ocean_post_title_style":"","ocean_post_title_background_color":"","ocean_post_title_background":0,"ocean_post_title_bg_image_position":"","ocean_post_title_bg_image_attachment":"","ocean_post_title_bg_image_repeat":"","ocean_post_title_bg_image_size":"","ocean_post_title_height":0,"ocean_post_title_bg_overlay":0.5,"ocean_post_title_bg_overlay_color":"","ocean_disable_breadcrumbs":"default","ocean_breadcrumbs_color":"","ocean_breadcrumbs_separator_color":"","ocean_breadcrumbs_links_color":"","ocean_breadcrumbs_links_hover_color":"","ocean_display_footer_widgets":"default","ocean_display_footer_bottom":"default","ocean_custom_footer_template":"0"},"product_brand":[],"product_cat":[19,43],"product_tag":[57,58,56],"class_list":{"0":"post-225","1":"product","2":"type-product","3":"status-publish","4":"has-post-thumbnail","6":"product_cat-chemia-motoryzacyjna-i-warsztatowa","7":"product_cat-kosmetyka-pojazdu","8":"product_tag-klimatyzacja-wurth","9":"product_tag-preparat-do-niwelowania-zapachow","10":"product_tag-srodek-do-czyszczenia-klimatyzacji","12":"entry","13":"has-media","15":"first","16":"instock","17":"shipping-taxable","18":"purchasable","19":"product-type-simple","20":"has-product-nav","21":"col","22":"span_1_of_3","23":"owp-content-center","24":"owp-thumbs-layout-horizontal","25":"owp-btn-normal","26":"owp-tabs-layout-horizontal","27":"has-no-thumbnails"},"jetpack_sharing_enabled":true,"_links":{"self":[{"href":"http:\/\/dreamlift.com.pl\/index.php\/wp-json\/wp\/v2\/product\/225","targetHints":{"allow":["GET"]}}],"collection":[{"href":"http:\/\/dreamlift.com.pl\/index.php\/wp-json\/wp\/v2\/product"}],"about":[{"href":"http:\/\/dreamlift.com.pl\/index.php\/wp-json\/wp\/v2\/types\/product"}],"replies":[{"embeddable":true,"href":"http:\/\/dreamlift.com.pl\/index.php\/wp-json\/wp\/v2\/comments?post=225"}],"wp:featuredmedia":[{"embeddable":true,"href":"http:\/\/dreamlift.com.pl\/index.php\/wp-json\/wp\/v2\/media\/227"}],"wp:attachment":[{"href":"http:\/\/dreamlift.com.pl\/index.php\/wp-json\/wp\/v2\/media?parent=225"}],"wp:term":[{"taxonomy":"product_brand","embeddable":true,"href":"http:\/\/dreamlift.com.pl\/index.php\/wp-json\/wp\/v2\/product_brand?post=225"},{"taxonomy":"product_cat","embeddable":true,"href":"http:\/\/dreamlift.com.pl\/index.php\/wp-json\/wp\/v2\/product_cat?post=225"},{"taxonomy":"product_tag","embeddable":true,"href":"http:\/\/dreamlift.com.pl\/index.php\/wp-json\/wp\/v2\/product_tag?post=225"}],"curies":[{"name":"wp","href":"https:\/\/api.w.org\/{rel}","templated":true}]}}