{"id":216,"date":"2026-02-10T20:34:41","date_gmt":"2026-02-10T19:34:41","guid":{"rendered":"http:\/\/dreamlift.com.pl\/?post_type=product&#038;p=216"},"modified":"2026-02-10T20:34:41","modified_gmt":"2026-02-10T19:34:41","slug":"preparat-do-dezynfekcji-klimatyzacji-300-ml-wurth","status":"publish","type":"product","link":"http:\/\/dreamlift.com.pl\/index.php\/produkt\/preparat-do-dezynfekcji-klimatyzacji-300-ml-wurth\/","title":{"rendered":"Preparat do dezynfekcji klimatyzacji 300 ml WURTH"},"content":{"rendered":"<div class=\"marketingSection AT_PublicationShortTextUSP \"><strong>Specjalny \u015brodek do czyszczenia i dezynfekcji uk\u0142ad\u00f3w klimatyzacji pojazd\u00f3w<\/strong><\/div>\n<div><\/div>\n<div class=\"marketingSection AT_PublicationInstructions\">\n<p class=\"level1\"><strong>Dezynfekuje, czy\u015bci i zabezpiecza<\/strong><\/p>\n<p>&#x2705;Niezawodny \u015brodek do usuwania drobnoustroj\u00f3w, bakterii i grzyb\u00f3w<\/p>\n<p>&#x2705;Skuteczny do usuwania nieprzyjemnych zapach\u00f3w<\/p>\n<p>&#x2705;Zapobiega reakcjom alergicznym, kt\u00f3re mog\u0105 by\u0107 wywo\u0142ane przez bakterie i inne mikroorganizmy<\/p>\n<p><img fetchpriority=\"high\" decoding=\"async\" class=\"alignnone size-medium wp-image-218\" src=\"http:\/\/dreamlift.com.pl\/wp-content\/uploads\/2026\/02\/klim-300x300.jpg\" alt=\"\" width=\"300\" height=\"300\" srcset=\"http:\/\/dreamlift.com.pl\/wp-content\/uploads\/2026\/02\/klim-300x300.jpg 300w, http:\/\/dreamlift.com.pl\/wp-content\/uploads\/2026\/02\/klim-150x150.jpg 150w, http:\/\/dreamlift.com.pl\/wp-content\/uploads\/2026\/02\/klim-100x100.jpg 100w, http:\/\/dreamlift.com.pl\/wp-content\/uploads\/2026\/02\/klim.jpg 576w\" sizes=\"(max-width: 300px) 100vw, 300px\" \/><img decoding=\"async\" class=\"alignnone size-medium wp-image-219\" src=\"http:\/\/dreamlift.com.pl\/wp-content\/uploads\/2026\/02\/klimm-300x300.avif\" alt=\"\" width=\"300\" height=\"300\" srcset=\"http:\/\/dreamlift.com.pl\/wp-content\/uploads\/2026\/02\/klimm-300x300.avif 300w, http:\/\/dreamlift.com.pl\/wp-content\/uploads\/2026\/02\/klimm-150x150.avif 150w, http:\/\/dreamlift.com.pl\/wp-content\/uploads\/2026\/02\/klimm-100x100.avif 100w, http:\/\/dreamlift.com.pl\/wp-content\/uploads\/2026\/02\/klimm.avif 576w\" sizes=\"(max-width: 300px) 100vw, 300px\" \/><\/p>\n<p>&nbsp;<\/p>\n<p class=\"level1\">Bezpo\u015brednie stosowanie do wymiennika ciep\u0142a uk\u0142adu klimatyzacji dzi\u0119ki wyj\u0105tkowo d\u0142ugiemu przewodowi elastycznemu ze specjaln\u0105 dysz\u0105<\/p>\n<p>&#x2705;D\u0142ugoterminowa skuteczno\u015b\u0107 poprzez dezynfekcj\u0119 i czyszczenie \u201emiejsca zaka\u017cenia\u201d<\/p>\n<p>&#x2705;Przenika przez grubsze, t\u0142uste warstwy brudu po obfitym rozpyleniu \u015brodka czyszcz\u0105cego<\/p>\n<p>&nbsp;<\/p>\n<p class=\"level1\">Skuteczno\u015b\u0107 potwierdzona przez niezale\u017cny instytut<\/p>\n<p>&#x2705;Udowodnione zabijanie drobnoustroj\u00f3w<\/p>\n<p>&#x2705;O 100% zmniejszenie ilo\u015bci drobnoustroj\u00f3w po zaledwie 5 minutach aplikacji<\/p>\n<p>&nbsp;<\/p>\n<p class=\"level1\">Warto\u015b\u0107 pH: 5,0<\/p>\n<p>&nbsp;<\/p>\n<p class=\"level1\">Nie zawiera AOX<\/p>\n<p>Zmniejsza zanieczyszczenie pod\u0142\u00f3g i wody i zapobiega problemom zwi\u0105zanym z lokalnymi przepisami dotycz\u0105cymi \u015bciek\u00f3w<\/p>\n<p>&nbsp;<\/p>\n<p class=\"level1\"><strong>Ka\u017cda puszka jest wyposa\u017cona w przew\u00f3d elastyczny spray\u2019u<\/strong><\/p>\n<p><img decoding=\"async\" class=\"alignnone size-medium wp-image-217\" src=\"http:\/\/dreamlift.com.pl\/wp-content\/uploads\/2026\/02\/dddd-300x300.avif\" alt=\"\" width=\"300\" height=\"300\" srcset=\"http:\/\/dreamlift.com.pl\/wp-content\/uploads\/2026\/02\/dddd-300x300.avif 300w, http:\/\/dreamlift.com.pl\/wp-content\/uploads\/2026\/02\/dddd-150x150.avif 150w, http:\/\/dreamlift.com.pl\/wp-content\/uploads\/2026\/02\/dddd-100x100.avif 100w, http:\/\/dreamlift.com.pl\/wp-content\/uploads\/2026\/02\/dddd.avif 576w\" sizes=\"(max-width: 300px) 100vw, 300px\" \/><\/p>\n<p>Przew\u00f3d elastyczny wykonany z PE o d\u0142ugo\u015bci ok. 80 cm ze specjalnie opracowan\u0105 dysz\u0105<\/p>\n<p><strong><span class=\"marketingSectionTitle\">Instrukcja<\/span><\/strong><\/p>\n<ul>\n<li>Wy\u0142\u0105czy\u0107 uk\u0142ad klimatyzacji i wentylatory.<\/li>\n<li>W\u0142o\u017cy\u0107 sond\u0119 spray\u2019u do spustu kondensatu<\/li>\n<li>Zu\u017cy\u0107 po\u0142ow\u0119 zawarto\u015bci puszki (ok. 30\u00a0s), zawarto\u015b\u0107 wystarcza na 2 aplikacje<\/li>\n<li>Poluzowane zanieczyszczenia \u0142atwo wydostaj\u0105 si\u0119 przez spust<\/li>\n<li>Pozostawi\u0107 do dzia\u0142ania na co najmniej 10 minut przed uruchomieniem uk\u0142adu klimatyzacji<\/li>\n<\/ul>\n<\/div>\n<div class=\"marketingSection AT_PublicationNotice\"><span class=\"marketingSectionTitle\"><i class=\"icon-interface-circle-tick-a icon-lg mr-2\"><\/i>Uwaga<\/span><\/p>\n<p class=\"level1\">Podczas stosowania produkt\u00f3w biob\u00f3jczych nale\u017cy zachowa\u0107 ostro\u017cno\u015b\u0107. Przed u\u017cyciem nale\u017cy zawsze zapozna\u0107 si\u0119 z etykiet\u0105 i informacjami o produkcie.<\/p>\n<p>&nbsp;<\/p>\n<p>Zalecamy czyszczenie i dezynfekcj\u0119 uk\u0142adu klimatyzacji (parownik, przewody wentylacyjne itd.) przynajmniej raz w roku.<\/p>\n<p>&nbsp;<\/p>\n<p>Skuteczno\u015b\u0107 \u015brodka zosta\u0142a przetestowana w oparciu o wytyczne do przeprowadzania bada\u0144 i oceny w\u0142a\u015bciwo\u015bci chemicznych \u015brodk\u00f3w dezynfekcyjnych stowarzyszenia Deutsche Gesellschaft f\u00fcr Hygiene und Mikrobiologie (DGHM).<\/p>\n<\/div>\n","protected":false},"excerpt":{"rendered":"<p><img loading=\"lazy\" decoding=\"async\" class=\"alignnone size-medium wp-image-220\" src=\"http:\/\/dreamlift.com.pl\/wp-content\/uploads\/2026\/02\/Projekt-bez-nazwy-4-300x75.png\" alt=\"\" width=\"300\" height=\"75\" srcset=\"http:\/\/dreamlift.com.pl\/wp-content\/uploads\/2026\/02\/Projekt-bez-nazwy-4-300x75.png 300w, http:\/\/dreamlift.com.pl\/wp-content\/uploads\/2026\/02\/Projekt-bez-nazwy-4-1024x256.png 1024w, http:\/\/dreamlift.com.pl\/wp-content\/uploads\/2026\/02\/Projekt-bez-nazwy-4-768x192.png 768w, http:\/\/dreamlift.com.pl\/wp-content\/uploads\/2026\/02\/Projekt-bez-nazwy-4-600x150.png 600w, http:\/\/dreamlift.com.pl\/wp-content\/uploads\/2026\/02\/Projekt-bez-nazwy-4.png 1200w\" sizes=\"(max-width: 300px) 100vw, 300px\" \/><\/p>\n<p><img loading=\"lazy\" decoding=\"async\" class=\"alignnone size-medium wp-image-221\" src=\"http:\/\/dreamlift.com.pl\/wp-content\/uploads\/2026\/02\/kurierzy-cskmed-5-300x34.jpg\" alt=\"\" width=\"300\" height=\"34\" srcset=\"http:\/\/dreamlift.com.pl\/wp-content\/uploads\/2026\/02\/kurierzy-cskmed-5-300x34.jpg 300w, http:\/\/dreamlift.com.pl\/wp-content\/uploads\/2026\/02\/kurierzy-cskmed-5-1024x117.jpg 1024w, http:\/\/dreamlift.com.pl\/wp-content\/uploads\/2026\/02\/kurierzy-cskmed-5-768x88.jpg 768w, http:\/\/dreamlift.com.pl\/wp-content\/uploads\/2026\/02\/kurierzy-cskmed-5-1536x176.jpg 1536w, http:\/\/dreamlift.com.pl\/wp-content\/uploads\/2026\/02\/kurierzy-cskmed-5-2048x235.jpg 2048w, http:\/\/dreamlift.com.pl\/wp-content\/uploads\/2026\/02\/kurierzy-cskmed-5-1320x151.jpg 1320w, http:\/\/dreamlift.com.pl\/wp-content\/uploads\/2026\/02\/kurierzy-cskmed-5-600x69.jpg 600w\" sizes=\"(max-width: 300px) 100vw, 300px\" \/><\/p>\n","protected":false},"featured_media":222,"comment_status":"open","ping_status":"closed","template":"","meta":{"_eb_attr":"","ocean_post_layout":"","ocean_both_sidebars_style":"","ocean_both_sidebars_content_width":0,"ocean_both_sidebars_sidebars_width":0,"ocean_sidebar":"0","ocean_second_sidebar":"0","ocean_disable_margins":"enable","ocean_add_body_class":"","ocean_shortcode_before_top_bar":"","ocean_shortcode_after_top_bar":"","ocean_shortcode_before_header":"","ocean_shortcode_after_header":"","ocean_has_shortcode":"","ocean_shortcode_after_title":"","ocean_shortcode_before_footer_widgets":"","ocean_shortcode_after_footer_widgets":"","ocean_shortcode_before_footer_bottom":"","ocean_shortcode_after_footer_bottom":"","ocean_display_top_bar":"default","ocean_display_header":"default","ocean_header_style":"","ocean_center_header_left_menu":"0","ocean_custom_header_template":"0","ocean_custom_logo":0,"ocean_custom_retina_logo":0,"ocean_custom_logo_max_width":0,"ocean_custom_logo_tablet_max_width":0,"ocean_custom_logo_mobile_max_width":0,"ocean_custom_logo_max_height":0,"ocean_custom_logo_tablet_max_height":0,"ocean_custom_logo_mobile_max_height":0,"ocean_header_custom_menu":"0","ocean_menu_typo_font_family":"0","ocean_menu_typo_font_subset":"","ocean_menu_typo_font_size":0,"ocean_menu_typo_font_size_tablet":0,"ocean_menu_typo_font_size_mobile":0,"ocean_menu_typo_font_size_unit":"px","ocean_menu_typo_font_weight":"","ocean_menu_typo_font_weight_tablet":"","ocean_menu_typo_font_weight_mobile":"","ocean_menu_typo_transform":"","ocean_menu_typo_transform_tablet":"","ocean_menu_typo_transform_mobile":"","ocean_menu_typo_line_height":0,"ocean_menu_typo_line_height_tablet":0,"ocean_menu_typo_line_height_mobile":0,"ocean_menu_typo_line_height_unit":"","ocean_menu_typo_spacing":0,"ocean_menu_typo_spacing_tablet":0,"ocean_menu_typo_spacing_mobile":0,"ocean_menu_typo_spacing_unit":"","ocean_menu_link_color":"","ocean_menu_link_color_hover":"","ocean_menu_link_color_active":"","ocean_menu_link_background":"","ocean_menu_link_hover_background":"","ocean_menu_link_active_background":"","ocean_menu_social_links_bg":"","ocean_menu_social_hover_links_bg":"","ocean_menu_social_links_color":"","ocean_menu_social_hover_links_color":"","ocean_disable_title":"default","ocean_disable_heading":"default","ocean_post_title":"","ocean_post_subheading":"","ocean_post_title_style":"","ocean_post_title_background_color":"","ocean_post_title_background":0,"ocean_post_title_bg_image_position":"","ocean_post_title_bg_image_attachment":"","ocean_post_title_bg_image_repeat":"","ocean_post_title_bg_image_size":"","ocean_post_title_height":0,"ocean_post_title_bg_overlay":0.5,"ocean_post_title_bg_overlay_color":"","ocean_disable_breadcrumbs":"default","ocean_breadcrumbs_color":"","ocean_breadcrumbs_separator_color":"","ocean_breadcrumbs_links_color":"","ocean_breadcrumbs_links_hover_color":"","ocean_display_footer_widgets":"default","ocean_display_footer_bottom":"default","ocean_custom_footer_template":"0"},"product_brand":[],"product_cat":[19,43],"product_tag":[55,54],"class_list":{"0":"post-216","1":"product","2":"type-product","3":"status-publish","4":"has-post-thumbnail","6":"product_cat-chemia-motoryzacyjna-i-warsztatowa","7":"product_cat-kosmetyka-pojazdu","8":"product_tag-dezynfekcja-klimatyzacji","9":"product_tag-preparat-do-dezynfekcji-klimatyzacji-300-ml-wurth","11":"entry","12":"has-media","14":"first","15":"instock","16":"shipping-taxable","17":"purchasable","18":"product-type-simple","19":"has-product-nav","20":"col","21":"span_1_of_3","22":"owp-content-center","23":"owp-thumbs-layout-horizontal","24":"owp-btn-normal","25":"owp-tabs-layout-horizontal"},"jetpack_sharing_enabled":true,"_links":{"self":[{"href":"http:\/\/dreamlift.com.pl\/index.php\/wp-json\/wp\/v2\/product\/216","targetHints":{"allow":["GET"]}}],"collection":[{"href":"http:\/\/dreamlift.com.pl\/index.php\/wp-json\/wp\/v2\/product"}],"about":[{"href":"http:\/\/dreamlift.com.pl\/index.php\/wp-json\/wp\/v2\/types\/product"}],"replies":[{"embeddable":true,"href":"http:\/\/dreamlift.com.pl\/index.php\/wp-json\/wp\/v2\/comments?post=216"}],"wp:featuredmedia":[{"embeddable":true,"href":"http:\/\/dreamlift.com.pl\/index.php\/wp-json\/wp\/v2\/media\/222"}],"wp:attachment":[{"href":"http:\/\/dreamlift.com.pl\/index.php\/wp-json\/wp\/v2\/media?parent=216"}],"wp:term":[{"taxonomy":"product_brand","embeddable":true,"href":"http:\/\/dreamlift.com.pl\/index.php\/wp-json\/wp\/v2\/product_brand?post=216"},{"taxonomy":"product_cat","embeddable":true,"href":"http:\/\/dreamlift.com.pl\/index.php\/wp-json\/wp\/v2\/product_cat?post=216"},{"taxonomy":"product_tag","embeddable":true,"href":"http:\/\/dreamlift.com.pl\/index.php\/wp-json\/wp\/v2\/product_tag?post=216"}],"curies":[{"name":"wp","href":"https:\/\/api.w.org\/{rel}","templated":true}]}}