{"id":206,"date":"2026-02-10T20:05:34","date_gmt":"2026-02-10T19:05:34","guid":{"rendered":"http:\/\/dreamlift.com.pl\/?post_type=product&#038;p=206"},"modified":"2026-02-10T20:05:34","modified_gmt":"2026-02-10T19:05:34","slug":"aktywna-pianka-do-szyb-wurth-500-ml","status":"publish","type":"product","link":"http:\/\/dreamlift.com.pl\/index.php\/produkt\/aktywna-pianka-do-szyb-wurth-500-ml\/","title":{"rendered":"Aktywna pianka do szyb Wurth 500 ml"},"content":{"rendered":"<p><strong>Aktywna pianka do szyb Wurth 500 ml <\/strong>umo\u017cliwia czyszczenie szk\u0142a bez smug i pozostawia g\u0142adk\u0105 powierzchni\u0119<\/p>\n<div class=\"marketingSection AT_PublicationInstructions\">\n<p class=\"level1\"><strong>&#x2705;Stabilne<\/strong><\/p>\n<p>Brak sp\u0142ywania z pionowych powierzchni<\/p>\n<p class=\"level1\"><strong>&#x2705;Bardzo wysoka skuteczno\u015b\u0107 czyszczenia<\/strong><\/p>\n<ul>\n<li>Gdy ba\u0144ki pianki p\u0119kaj\u0105, wysoko skoncentrowane aktywne \u015brodki czyszcz\u0105ce docieraj\u0105 bezpo\u015brednio do zanieczyszcze\u0144<\/li>\n<li>Wyj\u0105tkowa zdolno\u015b\u0107 rozpuszczania zanieczyszcze\u0144<\/li>\n<\/ul>\n<p>&nbsp;<\/p>\n<p class=\"level1\"><strong>&#x2705;Oszcz\u0119dno\u015b\u0107 dzi\u0119ki 20-krotnej wydajno\u015bci<\/strong><\/p>\n<p><img fetchpriority=\"high\" decoding=\"async\" class=\"size-medium wp-image-207\" src=\"http:\/\/dreamlift.com.pl\/wp-content\/uploads\/2026\/02\/Aktywna-pianka-do-szyb-Wurth-500-ml-300x300.jpg\" alt=\"\" width=\"300\" height=\"300\" srcset=\"http:\/\/dreamlift.com.pl\/wp-content\/uploads\/2026\/02\/Aktywna-pianka-do-szyb-Wurth-500-ml-300x300.jpg 300w, http:\/\/dreamlift.com.pl\/wp-content\/uploads\/2026\/02\/Aktywna-pianka-do-szyb-Wurth-500-ml-150x150.jpg 150w, http:\/\/dreamlift.com.pl\/wp-content\/uploads\/2026\/02\/Aktywna-pianka-do-szyb-Wurth-500-ml-600x600.jpg 600w, http:\/\/dreamlift.com.pl\/wp-content\/uploads\/2026\/02\/Aktywna-pianka-do-szyb-Wurth-500-ml-100x100.jpg 100w, http:\/\/dreamlift.com.pl\/wp-content\/uploads\/2026\/02\/Aktywna-pianka-do-szyb-Wurth-500-ml.jpg 720w\" sizes=\"(max-width: 300px) 100vw, 300px\" \/><\/p>\n<p>&nbsp;<\/p>\n<p class=\"level1\"><strong>&#x2705;Nie uszkadza materia\u0142\u00f3w<\/strong><\/p>\n<p>Brak negatywnego wp\u0142ywu na farby, kauczuk i tworzywa sztuczne<\/p>\n<div class=\"marketingSection AT_PublicationApplicationArea\"><strong><span class=\"marketingSectionTitle\">Obszar zastosowania<\/span><\/strong><\/div>\n<div class=\"marketingSection AT_PublicationApplicationArea\">\n<p>Rozpuszcza martwe owady, ptasie odchody, py\u0142y, osady nikotyny, t\u0142uste plamy, pozosta\u0142o\u015bci silikon\u00f3w i gumowych uszczelnie\u0144 szyb na oknach samochodowych, lusterkach i powierzchniach malowanych.<\/p>\n<\/div>\n<div class=\"marketingSection AT_ManualPub marketingSubSection\"><strong><span class=\"marketingSectionTitle\">Instrukcja<\/span><\/strong><\/div>\n<div class=\"marketingSection AT_ManualPub marketingSubSection\">\n<p>Dla optymalnego spienienia mocno wstrz\u0105sn\u0105\u0107 puszk\u0119 przed u\u017cyciem.<\/p>\n<\/div>\n<\/div>\n","protected":false},"excerpt":{"rendered":"<p><img decoding=\"async\" class=\"alignnone size-medium wp-image-209\" src=\"http:\/\/dreamlift.com.pl\/wp-content\/uploads\/2026\/02\/Projekt-bez-nazwy-2-300x75.png\" alt=\"\" width=\"300\" height=\"75\" srcset=\"http:\/\/dreamlift.com.pl\/wp-content\/uploads\/2026\/02\/Projekt-bez-nazwy-2-300x75.png 300w, http:\/\/dreamlift.com.pl\/wp-content\/uploads\/2026\/02\/Projekt-bez-nazwy-2-1024x256.png 1024w, http:\/\/dreamlift.com.pl\/wp-content\/uploads\/2026\/02\/Projekt-bez-nazwy-2-768x192.png 768w, http:\/\/dreamlift.com.pl\/wp-content\/uploads\/2026\/02\/Projekt-bez-nazwy-2-600x150.png 600w, http:\/\/dreamlift.com.pl\/wp-content\/uploads\/2026\/02\/Projekt-bez-nazwy-2.png 1200w\" sizes=\"(max-width: 300px) 100vw, 300px\" \/><\/p>\n<p><img decoding=\"async\" class=\"alignnone size-medium wp-image-210\" src=\"http:\/\/dreamlift.com.pl\/wp-content\/uploads\/2026\/02\/kurierzy-cskmed-3-300x34.jpg\" alt=\"\" width=\"300\" height=\"34\" srcset=\"http:\/\/dreamlift.com.pl\/wp-content\/uploads\/2026\/02\/kurierzy-cskmed-3-300x34.jpg 300w, http:\/\/dreamlift.com.pl\/wp-content\/uploads\/2026\/02\/kurierzy-cskmed-3-1024x117.jpg 1024w, http:\/\/dreamlift.com.pl\/wp-content\/uploads\/2026\/02\/kurierzy-cskmed-3-768x88.jpg 768w, http:\/\/dreamlift.com.pl\/wp-content\/uploads\/2026\/02\/kurierzy-cskmed-3-1536x176.jpg 1536w, http:\/\/dreamlift.com.pl\/wp-content\/uploads\/2026\/02\/kurierzy-cskmed-3-2048x235.jpg 2048w, http:\/\/dreamlift.com.pl\/wp-content\/uploads\/2026\/02\/kurierzy-cskmed-3-1320x151.jpg 1320w, http:\/\/dreamlift.com.pl\/wp-content\/uploads\/2026\/02\/kurierzy-cskmed-3-600x69.jpg 600w\" sizes=\"(max-width: 300px) 100vw, 300px\" \/><\/p>\n","protected":false},"featured_media":208,"comment_status":"open","ping_status":"closed","template":"","meta":{"_eb_attr":"","ocean_post_layout":"","ocean_both_sidebars_style":"","ocean_both_sidebars_content_width":0,"ocean_both_sidebars_sidebars_width":0,"ocean_sidebar":"0","ocean_second_sidebar":"0","ocean_disable_margins":"enable","ocean_add_body_class":"","ocean_shortcode_before_top_bar":"","ocean_shortcode_after_top_bar":"","ocean_shortcode_before_header":"","ocean_shortcode_after_header":"","ocean_has_shortcode":"","ocean_shortcode_after_title":"","ocean_shortcode_before_footer_widgets":"","ocean_shortcode_after_footer_widgets":"","ocean_shortcode_before_footer_bottom":"","ocean_shortcode_after_footer_bottom":"","ocean_display_top_bar":"default","ocean_display_header":"default","ocean_header_style":"","ocean_center_header_left_menu":"0","ocean_custom_header_template":"0","ocean_custom_logo":0,"ocean_custom_retina_logo":0,"ocean_custom_logo_max_width":0,"ocean_custom_logo_tablet_max_width":0,"ocean_custom_logo_mobile_max_width":0,"ocean_custom_logo_max_height":0,"ocean_custom_logo_tablet_max_height":0,"ocean_custom_logo_mobile_max_height":0,"ocean_header_custom_menu":"0","ocean_menu_typo_font_family":"0","ocean_menu_typo_font_subset":"","ocean_menu_typo_font_size":0,"ocean_menu_typo_font_size_tablet":0,"ocean_menu_typo_font_size_mobile":0,"ocean_menu_typo_font_size_unit":"px","ocean_menu_typo_font_weight":"","ocean_menu_typo_font_weight_tablet":"","ocean_menu_typo_font_weight_mobile":"","ocean_menu_typo_transform":"","ocean_menu_typo_transform_tablet":"","ocean_menu_typo_transform_mobile":"","ocean_menu_typo_line_height":0,"ocean_menu_typo_line_height_tablet":0,"ocean_menu_typo_line_height_mobile":0,"ocean_menu_typo_line_height_unit":"","ocean_menu_typo_spacing":0,"ocean_menu_typo_spacing_tablet":0,"ocean_menu_typo_spacing_mobile":0,"ocean_menu_typo_spacing_unit":"","ocean_menu_link_color":"","ocean_menu_link_color_hover":"","ocean_menu_link_color_active":"","ocean_menu_link_background":"","ocean_menu_link_hover_background":"","ocean_menu_link_active_background":"","ocean_menu_social_links_bg":"","ocean_menu_social_hover_links_bg":"","ocean_menu_social_links_color":"","ocean_menu_social_hover_links_color":"","ocean_disable_title":"default","ocean_disable_heading":"default","ocean_post_title":"","ocean_post_subheading":"","ocean_post_title_style":"","ocean_post_title_background_color":"","ocean_post_title_background":0,"ocean_post_title_bg_image_position":"","ocean_post_title_bg_image_attachment":"","ocean_post_title_bg_image_repeat":"","ocean_post_title_bg_image_size":"","ocean_post_title_height":0,"ocean_post_title_bg_overlay":0.5,"ocean_post_title_bg_overlay_color":"","ocean_disable_breadcrumbs":"default","ocean_breadcrumbs_color":"","ocean_breadcrumbs_separator_color":"","ocean_breadcrumbs_links_color":"","ocean_breadcrumbs_links_hover_color":"","ocean_display_footer_widgets":"default","ocean_display_footer_bottom":"default","ocean_custom_footer_template":"0"},"product_brand":[],"product_cat":[43],"product_tag":[50,52,51],"class_list":{"0":"post-206","1":"product","2":"type-product","3":"status-publish","4":"has-post-thumbnail","6":"product_cat-kosmetyka-pojazdu","7":"product_tag-aktywna-pianka-do-szyb","8":"product_tag-kosmetyka-auta","9":"product_tag-pianka-do-szyb-wurth","11":"entry","12":"has-media","14":"first","15":"instock","16":"shipping-taxable","17":"purchasable","18":"product-type-simple","19":"has-product-nav","20":"col","21":"span_1_of_3","22":"owp-content-center","23":"owp-thumbs-layout-horizontal","24":"owp-btn-normal","25":"owp-tabs-layout-horizontal","26":"has-no-thumbnails"},"jetpack_sharing_enabled":true,"_links":{"self":[{"href":"http:\/\/dreamlift.com.pl\/index.php\/wp-json\/wp\/v2\/product\/206","targetHints":{"allow":["GET"]}}],"collection":[{"href":"http:\/\/dreamlift.com.pl\/index.php\/wp-json\/wp\/v2\/product"}],"about":[{"href":"http:\/\/dreamlift.com.pl\/index.php\/wp-json\/wp\/v2\/types\/product"}],"replies":[{"embeddable":true,"href":"http:\/\/dreamlift.com.pl\/index.php\/wp-json\/wp\/v2\/comments?post=206"}],"wp:featuredmedia":[{"embeddable":true,"href":"http:\/\/dreamlift.com.pl\/index.php\/wp-json\/wp\/v2\/media\/208"}],"wp:attachment":[{"href":"http:\/\/dreamlift.com.pl\/index.php\/wp-json\/wp\/v2\/media?parent=206"}],"wp:term":[{"taxonomy":"product_brand","embeddable":true,"href":"http:\/\/dreamlift.com.pl\/index.php\/wp-json\/wp\/v2\/product_brand?post=206"},{"taxonomy":"product_cat","embeddable":true,"href":"http:\/\/dreamlift.com.pl\/index.php\/wp-json\/wp\/v2\/product_cat?post=206"},{"taxonomy":"product_tag","embeddable":true,"href":"http:\/\/dreamlift.com.pl\/index.php\/wp-json\/wp\/v2\/product_tag?post=206"}],"curies":[{"name":"wp","href":"https:\/\/api.w.org\/{rel}","templated":true}]}}