{"id":185,"date":"2026-02-08T16:20:00","date_gmt":"2026-02-08T15:20:00","guid":{"rendered":"https:\/\/dreamlift.com.pl\/?post_type=product&#038;p=185"},"modified":"2026-02-08T16:20:00","modified_gmt":"2026-02-08T15:20:00","slug":"uniwersalna-sciereczka-do-czyszczenia-uni-90-szt-wurth","status":"publish","type":"product","link":"http:\/\/dreamlift.com.pl\/index.php\/produkt\/uniwersalna-sciereczka-do-czyszczenia-uni-90-szt-wurth\/","title":{"rendered":"Uniwersalna \u015bciereczka do czyszczenia UNI 90 szt. WURTH"},"content":{"rendered":"<p><strong>Uniwersalna \u015bciereczka\u00a0 UNI 90 szt. WURTH<\/strong> do dok\u0142adnego i szybkiego czyszczenia wi\u0119kszo\u015bci powierzchni bez konieczno\u015bci u\u017cycia wody, myd\u0142a i szczotki. Certyfikat NSF.<\/p>\n<p>&#x2705;Idealna do codziennego u\u017cytku<\/p>\n<p>&#x2705;Dok\u0142adnie i delikatnie usuwa najci\u0119\u017csze zanieczyszczenia takie jak oleje, smary, kleje, farby, smo\u0142a i \u015brodki smarne<\/p>\n<p>&#x2705;Jeden produkt przeznaczony do czyszczenia narz\u0119dzi, miejsca pracy oraz r\u0105k.<\/p>\n<p>&#x2705;Delikatne czyszczenie r\u0105k<\/p>\n<p>&#x2705;D\u0142ugotrwa\u0142a piel\u0119gnacja i przyjemny zapach.<\/p>\n<p>&#x2705;Nadaje si\u0119 do wielokrotnego u\u017cytku<\/p>\n<p>&#x2705;Oszcz\u0119dno\u015b\u0107 koszt\u00f3w dzi\u0119ki mo\u017cliwo\u015bci wielokrotnego u\u017cytku.<\/p>\n<p>&nbsp;<\/p>\n<p><img fetchpriority=\"high\" decoding=\"async\" class=\"alignnone size-medium wp-image-189\" src=\"http:\/\/dreamlift.com.pl\/wp-content\/uploads\/2026\/02\/gg-300x300.avif\" alt=\"\" width=\"300\" height=\"300\" srcset=\"http:\/\/dreamlift.com.pl\/wp-content\/uploads\/2026\/02\/gg-300x300.avif 300w, http:\/\/dreamlift.com.pl\/wp-content\/uploads\/2026\/02\/gg-150x150.avif 150w, http:\/\/dreamlift.com.pl\/wp-content\/uploads\/2026\/02\/gg-100x100.avif 100w, http:\/\/dreamlift.com.pl\/wp-content\/uploads\/2026\/02\/gg.avif 576w\" sizes=\"(max-width: 300px) 100vw, 300px\" \/> <img decoding=\"async\" class=\"alignnone size-medium wp-image-188\" src=\"http:\/\/dreamlift.com.pl\/wp-content\/uploads\/2026\/02\/111586-300x300.avif\" alt=\"\" width=\"300\" height=\"300\" srcset=\"http:\/\/dreamlift.com.pl\/wp-content\/uploads\/2026\/02\/111586-300x300.avif 300w, http:\/\/dreamlift.com.pl\/wp-content\/uploads\/2026\/02\/111586-150x150.avif 150w, http:\/\/dreamlift.com.pl\/wp-content\/uploads\/2026\/02\/111586-100x100.avif 100w, http:\/\/dreamlift.com.pl\/wp-content\/uploads\/2026\/02\/111586.avif 576w\" sizes=\"(max-width: 300px) 100vw, 300px\" \/><\/p>\n<p><b>Uwaga<\/b><\/p>\n<p>Uwaga: <strong>Nie nadaje si\u0119 do czyszczenia os\u0142on przeciws\u0142onecznych!<\/strong><\/p>\n<p>Certyfikat NSF: Wymieniona na li\u015bcie C1 (150555).<\/p>\n<p>Powy\u017csze instrukcje dotycz\u0105ce stosowania s\u0105 zaleceniami opartymi na przeprowadzonych testach oraz naszym do\u015bwiadczeniu. Przed u\u017cyciem produktu nale\u017cy wykona\u0107 w\u0142asne testy. Ze wzgl\u0119du na du\u017c\u0105 r\u00f3\u017cnorodno\u015b\u0107 zastosowa\u0144 oraz sposob\u00f3w przechowywania i warunk\u00f3w pracy nie mo\u017cemy przyj\u0105\u0107 odpowiedzialno\u015bci za wyniki u\u017cycia do konkretnego zastosowania. Nasz dzia\u0142 obs\u0142ugi klienta bezp\u0142atnie udost\u0119pnia informacje techniczne lub porady, jednak te us\u0142ugi s\u0105 \u015bwiadczone z wy\u0142\u0105czeniem odpowiedzialno\u015bci, chyba \u017ce informacje w ramach tych us\u0142ug zosta\u0142y udzielone na podstawie zawartej umowy lub konsultant dzia\u0142a w okre\u015blonym celu. Gwarantujemy sta\u0142\u0105 jako\u015b\u0107 naszych produkt\u00f3w. Zastrzegamy sobie prawo do wprowadzania zmian technicznych i modernizacji naszych produkt\u00f3w.<\/p>\n","protected":false},"excerpt":{"rendered":"<p><img decoding=\"async\" class=\"alignnone size-medium wp-image-69\" src=\"http:\/\/dreamlift.com.pl\/wp-content\/uploads\/2025\/11\/Projekt-bez-nazwy-300x75.png\" alt=\"\" width=\"300\" height=\"75\" srcset=\"http:\/\/dreamlift.com.pl\/wp-content\/uploads\/2025\/11\/Projekt-bez-nazwy-300x75.png 300w, http:\/\/dreamlift.com.pl\/wp-content\/uploads\/2025\/11\/Projekt-bez-nazwy-1024x256.png 1024w, http:\/\/dreamlift.com.pl\/wp-content\/uploads\/2025\/11\/Projekt-bez-nazwy-768x192.png 768w, http:\/\/dreamlift.com.pl\/wp-content\/uploads\/2025\/11\/Projekt-bez-nazwy-600x150.png 600w, http:\/\/dreamlift.com.pl\/wp-content\/uploads\/2025\/11\/Projekt-bez-nazwy.png 1200w\" sizes=\"(max-width: 300px) 100vw, 300px\" \/><\/p>\n<p><img loading=\"lazy\" decoding=\"async\" class=\"alignnone size-medium wp-image-73\" src=\"http:\/\/dreamlift.com.pl\/wp-content\/uploads\/2025\/11\/kurierzy-cskmed-300x34.jpg\" alt=\"\" width=\"300\" height=\"34\" srcset=\"http:\/\/dreamlift.com.pl\/wp-content\/uploads\/2025\/11\/kurierzy-cskmed-300x34.jpg 300w, http:\/\/dreamlift.com.pl\/wp-content\/uploads\/2025\/11\/kurierzy-cskmed-1024x117.jpg 1024w, http:\/\/dreamlift.com.pl\/wp-content\/uploads\/2025\/11\/kurierzy-cskmed-768x88.jpg 768w, http:\/\/dreamlift.com.pl\/wp-content\/uploads\/2025\/11\/kurierzy-cskmed-1536x176.jpg 1536w, http:\/\/dreamlift.com.pl\/wp-content\/uploads\/2025\/11\/kurierzy-cskmed-2048x235.jpg 2048w, http:\/\/dreamlift.com.pl\/wp-content\/uploads\/2025\/11\/kurierzy-cskmed-1320x151.jpg 1320w, http:\/\/dreamlift.com.pl\/wp-content\/uploads\/2025\/11\/kurierzy-cskmed-600x69.jpg 600w\" sizes=\"(max-width: 300px) 100vw, 300px\" \/><\/p>\n","protected":false},"featured_media":186,"comment_status":"open","ping_status":"closed","template":"","meta":{"_eb_attr":"","ocean_post_layout":"","ocean_both_sidebars_style":"","ocean_both_sidebars_content_width":0,"ocean_both_sidebars_sidebars_width":0,"ocean_sidebar":"0","ocean_second_sidebar":"0","ocean_disable_margins":"enable","ocean_add_body_class":"","ocean_shortcode_before_top_bar":"","ocean_shortcode_after_top_bar":"","ocean_shortcode_before_header":"","ocean_shortcode_after_header":"","ocean_has_shortcode":"","ocean_shortcode_after_title":"","ocean_shortcode_before_footer_widgets":"","ocean_shortcode_after_footer_widgets":"","ocean_shortcode_before_footer_bottom":"","ocean_shortcode_after_footer_bottom":"","ocean_display_top_bar":"default","ocean_display_header":"default","ocean_header_style":"","ocean_center_header_left_menu":"0","ocean_custom_header_template":"0","ocean_custom_logo":0,"ocean_custom_retina_logo":0,"ocean_custom_logo_max_width":0,"ocean_custom_logo_tablet_max_width":0,"ocean_custom_logo_mobile_max_width":0,"ocean_custom_logo_max_height":0,"ocean_custom_logo_tablet_max_height":0,"ocean_custom_logo_mobile_max_height":0,"ocean_header_custom_menu":"0","ocean_menu_typo_font_family":"0","ocean_menu_typo_font_subset":"","ocean_menu_typo_font_size":0,"ocean_menu_typo_font_size_tablet":0,"ocean_menu_typo_font_size_mobile":0,"ocean_menu_typo_font_size_unit":"px","ocean_menu_typo_font_weight":"","ocean_menu_typo_font_weight_tablet":"","ocean_menu_typo_font_weight_mobile":"","ocean_menu_typo_transform":"","ocean_menu_typo_transform_tablet":"","ocean_menu_typo_transform_mobile":"","ocean_menu_typo_line_height":0,"ocean_menu_typo_line_height_tablet":0,"ocean_menu_typo_line_height_mobile":0,"ocean_menu_typo_line_height_unit":"","ocean_menu_typo_spacing":0,"ocean_menu_typo_spacing_tablet":0,"ocean_menu_typo_spacing_mobile":0,"ocean_menu_typo_spacing_unit":"","ocean_menu_link_color":"","ocean_menu_link_color_hover":"","ocean_menu_link_color_active":"","ocean_menu_link_background":"","ocean_menu_link_hover_background":"","ocean_menu_link_active_background":"","ocean_menu_social_links_bg":"","ocean_menu_social_hover_links_bg":"","ocean_menu_social_links_color":"","ocean_menu_social_hover_links_color":"","ocean_disable_title":"default","ocean_disable_heading":"default","ocean_post_title":"","ocean_post_subheading":"","ocean_post_title_style":"","ocean_post_title_background_color":"","ocean_post_title_background":0,"ocean_post_title_bg_image_position":"","ocean_post_title_bg_image_attachment":"","ocean_post_title_bg_image_repeat":"","ocean_post_title_bg_image_size":"","ocean_post_title_height":0,"ocean_post_title_bg_overlay":0.5,"ocean_post_title_bg_overlay_color":"","ocean_disable_breadcrumbs":"default","ocean_breadcrumbs_color":"","ocean_breadcrumbs_separator_color":"","ocean_breadcrumbs_links_color":"","ocean_breadcrumbs_links_hover_color":"","ocean_display_footer_widgets":"default","ocean_display_footer_bottom":"default","ocean_custom_footer_template":"0"},"product_brand":[],"product_cat":[43],"product_tag":[],"class_list":{"0":"post-185","1":"product","2":"type-product","3":"status-publish","4":"has-post-thumbnail","6":"product_cat-kosmetyka-pojazdu","8":"entry","9":"has-media","11":"first","12":"instock","13":"shipping-taxable","14":"purchasable","15":"product-type-simple","16":"has-product-nav","17":"col","18":"span_1_of_3","19":"owp-content-center","20":"owp-thumbs-layout-horizontal","21":"owp-btn-normal","22":"owp-tabs-layout-horizontal"},"jetpack_sharing_enabled":true,"_links":{"self":[{"href":"http:\/\/dreamlift.com.pl\/index.php\/wp-json\/wp\/v2\/product\/185","targetHints":{"allow":["GET"]}}],"collection":[{"href":"http:\/\/dreamlift.com.pl\/index.php\/wp-json\/wp\/v2\/product"}],"about":[{"href":"http:\/\/dreamlift.com.pl\/index.php\/wp-json\/wp\/v2\/types\/product"}],"replies":[{"embeddable":true,"href":"http:\/\/dreamlift.com.pl\/index.php\/wp-json\/wp\/v2\/comments?post=185"}],"wp:featuredmedia":[{"embeddable":true,"href":"http:\/\/dreamlift.com.pl\/index.php\/wp-json\/wp\/v2\/media\/186"}],"wp:attachment":[{"href":"http:\/\/dreamlift.com.pl\/index.php\/wp-json\/wp\/v2\/media?parent=185"}],"wp:term":[{"taxonomy":"product_brand","embeddable":true,"href":"http:\/\/dreamlift.com.pl\/index.php\/wp-json\/wp\/v2\/product_brand?post=185"},{"taxonomy":"product_cat","embeddable":true,"href":"http:\/\/dreamlift.com.pl\/index.php\/wp-json\/wp\/v2\/product_cat?post=185"},{"taxonomy":"product_tag","embeddable":true,"href":"http:\/\/dreamlift.com.pl\/index.php\/wp-json\/wp\/v2\/product_tag?post=185"}],"curies":[{"name":"wp","href":"https:\/\/api.w.org\/{rel}","templated":true}]}}