{"id":180,"date":"2026-02-08T15:58:07","date_gmt":"2026-02-08T14:58:07","guid":{"rendered":"https:\/\/dreamlift.com.pl\/?post_type=product&#038;p=180"},"modified":"2026-02-08T15:58:07","modified_gmt":"2026-02-08T14:58:07","slug":"srodek-preparat-do-mycia-rak-nature-4l-wurth","status":"publish","type":"product","link":"http:\/\/dreamlift.com.pl\/index.php\/produkt\/srodek-preparat-do-mycia-rak-nature-4l-wurth\/","title":{"rendered":"\u015arodek preparat do mycia r\u0105k NATURE 4L Wurth"},"content":{"rendered":"<div class=\"marketingSection AT_PublicationShortTextUSP \"><strong>\u015arodek preparat do mycia r\u0105k NATURE 4L Wurth<\/strong>\u00a0od lekkich do silnych zabrudze\u0144, z naturalnymi cz\u0105steczkami z\u0142uszczaj\u0105cymi<\/div>\n<div><\/div>\n<div><\/div>\n<div class=\"marketingSection AT_PublicationInstructions\">\n<p>&#x2705;Dok\u0142adnie czy\u015bci r\u0119ce z oleju, smaru, brudu itp.<\/p>\n<p>&#x2705;Testowane dermatologicznie<\/p>\n<p>&#x2705;Nie zawiera rozpuszczalnik\u00f3w ani silikonu.<\/p>\n<p>&#x2705;Neutralne pH<\/p>\n<p>&#x2705;Zawiera sk\u0142adniki naturalne<\/p>\n<p>&#x2705;Nie zawiera \u017cadnych sztucznych \u015brodk\u00f3w z\u0142uszczaj\u0105cych<\/p>\n<\/div>\n<p><b>Cechy produktu:<\/b><\/p>\n<ul>\n<li><b>Zawarto\u015b\u0107:<\/b>\u00a04l<\/li>\n<li><b>Zapach:<\/b>\u00a0Cytrus<\/li>\n<li><b>Warto\u015b\u0107 pH\/warunki:<\/b>\u00a06,5 \/ W temp. 20\u00b0C<\/li>\n<li><b>Czas przechowywania po wyprodukowaniu\/warunki:<\/b>\u00a024 Miesi\u0105ce \/ od 5\u00b0C do 35\u00b0C<\/li>\n<\/ul>\n","protected":false},"excerpt":{"rendered":"<p><img decoding=\"async\" class=\"alignnone size-medium wp-image-69\" src=\"http:\/\/dreamlift.com.pl\/wp-content\/uploads\/2025\/11\/Projekt-bez-nazwy-300x75.png\" alt=\"\" width=\"300\" height=\"75\" srcset=\"http:\/\/dreamlift.com.pl\/wp-content\/uploads\/2025\/11\/Projekt-bez-nazwy-300x75.png 300w, http:\/\/dreamlift.com.pl\/wp-content\/uploads\/2025\/11\/Projekt-bez-nazwy-1024x256.png 1024w, http:\/\/dreamlift.com.pl\/wp-content\/uploads\/2025\/11\/Projekt-bez-nazwy-768x192.png 768w, http:\/\/dreamlift.com.pl\/wp-content\/uploads\/2025\/11\/Projekt-bez-nazwy-600x150.png 600w, http:\/\/dreamlift.com.pl\/wp-content\/uploads\/2025\/11\/Projekt-bez-nazwy.png 1200w\" sizes=\"(max-width: 300px) 100vw, 300px\" \/><\/p>\n<p><img decoding=\"async\" class=\"alignnone size-medium wp-image-73\" src=\"http:\/\/dreamlift.com.pl\/wp-content\/uploads\/2025\/11\/kurierzy-cskmed-300x34.jpg\" alt=\"\" width=\"300\" height=\"34\" srcset=\"http:\/\/dreamlift.com.pl\/wp-content\/uploads\/2025\/11\/kurierzy-cskmed-300x34.jpg 300w, http:\/\/dreamlift.com.pl\/wp-content\/uploads\/2025\/11\/kurierzy-cskmed-1024x117.jpg 1024w, http:\/\/dreamlift.com.pl\/wp-content\/uploads\/2025\/11\/kurierzy-cskmed-768x88.jpg 768w, http:\/\/dreamlift.com.pl\/wp-content\/uploads\/2025\/11\/kurierzy-cskmed-1536x176.jpg 1536w, http:\/\/dreamlift.com.pl\/wp-content\/uploads\/2025\/11\/kurierzy-cskmed-2048x235.jpg 2048w, http:\/\/dreamlift.com.pl\/wp-content\/uploads\/2025\/11\/kurierzy-cskmed-1320x151.jpg 1320w, http:\/\/dreamlift.com.pl\/wp-content\/uploads\/2025\/11\/kurierzy-cskmed-600x69.jpg 600w\" sizes=\"(max-width: 300px) 100vw, 300px\" \/><\/p>\n","protected":false},"featured_media":181,"comment_status":"open","ping_status":"closed","template":"","meta":{"_eb_attr":"","ocean_post_layout":"","ocean_both_sidebars_style":"","ocean_both_sidebars_content_width":0,"ocean_both_sidebars_sidebars_width":0,"ocean_sidebar":"0","ocean_second_sidebar":"0","ocean_disable_margins":"enable","ocean_add_body_class":"","ocean_shortcode_before_top_bar":"","ocean_shortcode_after_top_bar":"","ocean_shortcode_before_header":"","ocean_shortcode_after_header":"","ocean_has_shortcode":"","ocean_shortcode_after_title":"","ocean_shortcode_before_footer_widgets":"","ocean_shortcode_after_footer_widgets":"","ocean_shortcode_before_footer_bottom":"","ocean_shortcode_after_footer_bottom":"","ocean_display_top_bar":"default","ocean_display_header":"default","ocean_header_style":"","ocean_center_header_left_menu":"0","ocean_custom_header_template":"0","ocean_custom_logo":0,"ocean_custom_retina_logo":0,"ocean_custom_logo_max_width":0,"ocean_custom_logo_tablet_max_width":0,"ocean_custom_logo_mobile_max_width":0,"ocean_custom_logo_max_height":0,"ocean_custom_logo_tablet_max_height":0,"ocean_custom_logo_mobile_max_height":0,"ocean_header_custom_menu":"0","ocean_menu_typo_font_family":"0","ocean_menu_typo_font_subset":"","ocean_menu_typo_font_size":0,"ocean_menu_typo_font_size_tablet":0,"ocean_menu_typo_font_size_mobile":0,"ocean_menu_typo_font_size_unit":"px","ocean_menu_typo_font_weight":"","ocean_menu_typo_font_weight_tablet":"","ocean_menu_typo_font_weight_mobile":"","ocean_menu_typo_transform":"","ocean_menu_typo_transform_tablet":"","ocean_menu_typo_transform_mobile":"","ocean_menu_typo_line_height":0,"ocean_menu_typo_line_height_tablet":0,"ocean_menu_typo_line_height_mobile":0,"ocean_menu_typo_line_height_unit":"","ocean_menu_typo_spacing":0,"ocean_menu_typo_spacing_tablet":0,"ocean_menu_typo_spacing_mobile":0,"ocean_menu_typo_spacing_unit":"","ocean_menu_link_color":"","ocean_menu_link_color_hover":"","ocean_menu_link_color_active":"","ocean_menu_link_background":"","ocean_menu_link_hover_background":"","ocean_menu_link_active_background":"","ocean_menu_social_links_bg":"","ocean_menu_social_hover_links_bg":"","ocean_menu_social_links_color":"","ocean_menu_social_hover_links_color":"","ocean_disable_title":"default","ocean_disable_heading":"default","ocean_post_title":"","ocean_post_subheading":"","ocean_post_title_style":"","ocean_post_title_background_color":"","ocean_post_title_background":0,"ocean_post_title_bg_image_position":"","ocean_post_title_bg_image_attachment":"","ocean_post_title_bg_image_repeat":"","ocean_post_title_bg_image_size":"","ocean_post_title_height":0,"ocean_post_title_bg_overlay":0.5,"ocean_post_title_bg_overlay_color":"","ocean_disable_breadcrumbs":"default","ocean_breadcrumbs_color":"","ocean_breadcrumbs_separator_color":"","ocean_breadcrumbs_links_color":"","ocean_breadcrumbs_links_hover_color":"","ocean_display_footer_widgets":"default","ocean_display_footer_bottom":"default","ocean_custom_footer_template":"0"},"product_brand":[],"product_cat":[20],"product_tag":[],"class_list":{"0":"post-180","1":"product","2":"type-product","3":"status-publish","4":"has-post-thumbnail","6":"product_cat-bhp","8":"entry","9":"has-media","11":"first","12":"instock","13":"shipping-taxable","14":"purchasable","15":"product-type-simple","16":"has-product-nav","17":"col","18":"span_1_of_3","19":"owp-content-center","20":"owp-thumbs-layout-horizontal","21":"owp-btn-normal","22":"owp-tabs-layout-horizontal","23":"has-no-thumbnails"},"jetpack_sharing_enabled":true,"_links":{"self":[{"href":"http:\/\/dreamlift.com.pl\/index.php\/wp-json\/wp\/v2\/product\/180","targetHints":{"allow":["GET"]}}],"collection":[{"href":"http:\/\/dreamlift.com.pl\/index.php\/wp-json\/wp\/v2\/product"}],"about":[{"href":"http:\/\/dreamlift.com.pl\/index.php\/wp-json\/wp\/v2\/types\/product"}],"replies":[{"embeddable":true,"href":"http:\/\/dreamlift.com.pl\/index.php\/wp-json\/wp\/v2\/comments?post=180"}],"wp:featuredmedia":[{"embeddable":true,"href":"http:\/\/dreamlift.com.pl\/index.php\/wp-json\/wp\/v2\/media\/181"}],"wp:attachment":[{"href":"http:\/\/dreamlift.com.pl\/index.php\/wp-json\/wp\/v2\/media?parent=180"}],"wp:term":[{"taxonomy":"product_brand","embeddable":true,"href":"http:\/\/dreamlift.com.pl\/index.php\/wp-json\/wp\/v2\/product_brand?post=180"},{"taxonomy":"product_cat","embeddable":true,"href":"http:\/\/dreamlift.com.pl\/index.php\/wp-json\/wp\/v2\/product_cat?post=180"},{"taxonomy":"product_tag","embeddable":true,"href":"http:\/\/dreamlift.com.pl\/index.php\/wp-json\/wp\/v2\/product_tag?post=180"}],"curies":[{"name":"wp","href":"https:\/\/api.w.org\/{rel}","templated":true}]}}